{"id":1371,"date":"2025-01-24T15:58:06","date_gmt":"2025-01-24T14:58:06","guid":{"rendered":"https:\/\/savoiaitaly.com\/dw25\/?page_id=1371"},"modified":"2025-02-06T16:33:25","modified_gmt":"2025-02-06T15:33:25","slug":"headquarter","status":"publish","type":"page","link":"https:\/\/savoiaitaly.com\/it\/headquarter\/","title":{"rendered":"Headquarter"},"content":{"rendered":"\t\t<div data-elementor-type=\"wp-page\" data-elementor-id=\"1371\" class=\"elementor elementor-1371 elementor-1328\" data-elementor-post-type=\"page\">\n\t\t\t\t<div class=\"elementor-element elementor-element-9fd1532 e-flex e-con-boxed parallax_section_no qode_elementor_container_no e-con e-parent\" data-id=\"9fd1532\" data-element_type=\"container\">\n\t\t\t\t\t<div class=\"e-con-inner\">\n\t\t\t\t<div class=\"elementor-element elementor-element-b652391 elementor-widget elementor-widget-bridge_custom_font\" data-id=\"b652391\" data-element_type=\"widget\" data-widget_type=\"bridge_custom_font.default\">\n\t\t\t\t<div class=\"elementor-widget-container\">\n\t\t\t\t\t<div class=\"custom_font_holder \" style=\" font-style: normal; font-weight: 500; color: #E5E5E5; text-decoration: none; padding: 0; margin: 0; text-align: left; --qode-cf-font-size: 140px; --qode-cf-line-height: 140px; --qode-cf-font-size-1440: 140px; --qode-cf-line-height-1440: 140px; --qode-cf-font-size-1366: 140px; --qode-cf-line-height-1366: 140px; --qode-cf-font-size-1280: 140px; --qode-cf-line-height-1280: 140px; --qode-cf-font-size-1024: 140px; --qode-cf-line-height-1024: 140px; --qode-cf-font-size-768: 100px; --qode-cf-line-height-768: 100px; --qode-cf-font-size-680: 60px; --qode-cf-line-height-680: 100px; --qode-cf-font-size-480: 40px; --qode-cf-line-height-480: 100px;\">HEADQUARTER<\/div>\t\t\t\t<\/div>\n\t\t\t\t<\/div>\n\t\t\t\t\t<\/div>\n\t\t\t\t<\/div>\n\t\t<div class=\"elementor-element elementor-element-0aa7476 e-con-full e-flex parallax_section_no qode_elementor_container_no e-con e-parent\" data-id=\"0aa7476\" data-element_type=\"container\" data-settings=\"{&quot;background_background&quot;:&quot;slideshow&quot;,&quot;background_slideshow_gallery&quot;:[{&quot;id&quot;:1049,&quot;url&quot;:&quot;https:\\\/\\\/savoiaitaly.com\\\/dw25\\\/wp-content\\\/uploads\\\/2025\\\/01\\\/SAVOIA-PALACE.jpg&quot;},{&quot;id&quot;:1340,&quot;url&quot;:&quot;https:\\\/\\\/savoiaitaly.com\\\/dw25\\\/wp-content\\\/uploads\\\/2025\\\/01\\\/SAVOIA-PALACE-3.webp&quot;},{&quot;id&quot;:1344,&quot;url&quot;:&quot;https:\\\/\\\/savoiaitaly.com\\\/dw25\\\/wp-content\\\/uploads\\\/2025\\\/01\\\/headquarter-2.jpg&quot;},{&quot;id&quot;:1347,&quot;url&quot;:&quot;https:\\\/\\\/savoiaitaly.com\\\/dw25\\\/wp-content\\\/uploads\\\/2025\\\/01\\\/SAVOIA-PALACE-2-1.webp&quot;}],&quot;background_slideshow_ken_burns&quot;:&quot;yes&quot;,&quot;background_slideshow_loop&quot;:&quot;yes&quot;,&quot;background_slideshow_slide_duration&quot;:5000,&quot;background_slideshow_slide_transition&quot;:&quot;fade&quot;,&quot;background_slideshow_transition_duration&quot;:500,&quot;background_slideshow_ken_burns_zoom_direction&quot;:&quot;in&quot;}\">\n\t\t\t\t<div class=\"elementor-element elementor-element-b4c54e2 elementor-widget-divider--view-line elementor-widget elementor-widget-divider\" data-id=\"b4c54e2\" data-element_type=\"widget\" data-widget_type=\"divider.default\">\n\t\t\t\t<div class=\"elementor-widget-container\">\n\t\t\t\t\t\t\t<div class=\"elementor-divider\">\n\t\t\t<span class=\"elementor-divider-separator\">\n\t\t\t\t\t\t<\/span>\n\t\t<\/div>\n\t\t\t\t\t\t<\/div>\n\t\t\t\t<\/div>\n\t\t\t\t<\/div>\n\t\t<div class=\"elementor-element elementor-element-5778df9 e-flex e-con-boxed parallax_section_no qode_elementor_container_no e-con e-parent\" data-id=\"5778df9\" data-element_type=\"container\">\n\t\t\t\t\t<div class=\"e-con-inner\">\n\t\t\t\t<div class=\"elementor-element elementor-element-95591c1 elementor-widget elementor-widget-heading\" data-id=\"95591c1\" data-element_type=\"widget\" data-widget_type=\"heading.default\">\n\t\t\t\t<div class=\"elementor-widget-container\">\n\t\t\t\t\t<h3 class=\"elementor-heading-title elementor-size-default\">Headquarter<\/h3>\t\t\t\t<\/div>\n\t\t\t\t<\/div>\n\t\t\t\t<div class=\"elementor-element elementor-element-23a4255 elementor-widget elementor-widget-text-editor\" data-id=\"23a4255\" data-element_type=\"widget\" data-widget_type=\"text-editor.default\">\n\t\t\t\t<div class=\"elementor-widget-container\">\n\t\t\t\t\t\t\t\t\t<p>La sede centrale, situata a Vicenza nei pressi di una delle pi\u00f9 importanti fiere dell&#8217;oro al mondo,<br \/>\u00e8 stata costruita nel 2008.<\/p><p>Un progetto innovativo nel cuore pulsante della citt\u00e0.<\/p><p>Costituito da 8 piani, di cui 2 interrati, comprende 16 uffici, 6 showroom e 2 caveau.<\/p>\t\t\t\t\t\t\t\t<\/div>\n\t\t\t\t<\/div>\n\t\t\t\t\t<\/div>\n\t\t\t\t<\/div>\n\t\t<div class=\"elementor-element elementor-element-8124b36 e-flex e-con-boxed parallax_section_no qode_elementor_container_no e-con e-parent\" data-id=\"8124b36\" data-element_type=\"container\">\n\t\t\t\t\t<div class=\"e-con-inner\">\n\t\t<div class=\"elementor-element elementor-element-2bf6b19 e-con-full e-flex parallax_section_no qode_elementor_container_no e-con e-child\" data-id=\"2bf6b19\" data-element_type=\"container\">\n\t\t\t\t<div class=\"elementor-element elementor-element-67231fb elementor-widget elementor-widget-image\" data-id=\"67231fb\" data-element_type=\"widget\" data-widget_type=\"image.default\">\n\t\t\t\t<div class=\"elementor-widget-container\">\n\t\t\t\t\t\t\t\t\t\t\t\t\t\t\t\t<a href=\"https:\/\/savoiaitaly.com\/dw25\/wp-content\/uploads\/2025\/02\/savoia-luxury-italian-jewelry-show-room_02.jpg\" data-elementor-open-lightbox=\"yes\" data-elementor-lightbox-title=\"Savoia Italy luxury Italian jewelry show room\" data-e-action-hash=\"#elementor-action%3Aaction%3Dlightbox%26settings%3DeyJpZCI6MjM2MywidXJsIjoiaHR0cHM6XC9cL3Nhdm9pYWl0YWx5LmNvbVwvZHcyNVwvd3AtY29udGVudFwvdXBsb2Fkc1wvMjAyNVwvMDJcL3Nhdm9pYS1sdXh1cnktaXRhbGlhbi1qZXdlbHJ5LXNob3ctcm9vbV8wMi5qcGcifQ%3D%3D\">\n\t\t\t\t\t\t\t<img fetchpriority=\"high\" decoding=\"async\" width=\"720\" height=\"720\" src=\"https:\/\/savoiaitaly.com\/dw25\/wp-content\/uploads\/2025\/02\/savoia-luxury-italian-jewelry-show-room_02.jpg\" class=\"attachment-full size-full wp-image-2363\" alt=\"\" srcset=\"https:\/\/savoiaitaly.com\/dw25\/wp-content\/uploads\/2025\/02\/savoia-luxury-italian-jewelry-show-room_02.jpg 720w, https:\/\/savoiaitaly.com\/dw25\/wp-content\/uploads\/2025\/02\/savoia-luxury-italian-jewelry-show-room_02-300x300.jpg 300w, https:\/\/savoiaitaly.com\/dw25\/wp-content\/uploads\/2025\/02\/savoia-luxury-italian-jewelry-show-room_02-150x150.jpg 150w, https:\/\/savoiaitaly.com\/dw25\/wp-content\/uploads\/2025\/02\/savoia-luxury-italian-jewelry-show-room_02-570x570.jpg 570w, https:\/\/savoiaitaly.com\/dw25\/wp-content\/uploads\/2025\/02\/savoia-luxury-italian-jewelry-show-room_02-500x500.jpg 500w, https:\/\/savoiaitaly.com\/dw25\/wp-content\/uploads\/2025\/02\/savoia-luxury-italian-jewelry-show-room_02-700x700.jpg 700w, https:\/\/savoiaitaly.com\/dw25\/wp-content\/uploads\/2025\/02\/savoia-luxury-italian-jewelry-show-room_02-650x650.jpg 650w\" sizes=\"(max-width: 720px) 100vw, 720px\" \/>\t\t\t\t\t\t\t\t<\/a>\n\t\t\t\t\t\t\t\t\t\t\t\t\t\t\t<\/div>\n\t\t\t\t<\/div>\n\t\t\t\t<\/div>\n\t\t<div class=\"elementor-element elementor-element-3f56546 e-con-full e-flex parallax_section_no qode_elementor_container_no e-con e-child\" data-id=\"3f56546\" data-element_type=\"container\">\n\t\t\t\t<div class=\"elementor-element elementor-element-d236f24 elementor-widget elementor-widget-image\" data-id=\"d236f24\" data-element_type=\"widget\" data-widget_type=\"image.default\">\n\t\t\t\t<div class=\"elementor-widget-container\">\n\t\t\t\t\t\t\t\t\t\t\t\t\t\t\t\t<a href=\"https:\/\/savoiaitaly.com\/dw25\/wp-content\/uploads\/2025\/02\/savoia-luxury-italian-jewelry-show-room_01.jpeg\" data-elementor-open-lightbox=\"yes\" data-elementor-lightbox-title=\"Savoia Italy luxury Italian jewelry show room\" data-e-action-hash=\"#elementor-action%3Aaction%3Dlightbox%26settings%3DeyJpZCI6MjM2MCwidXJsIjoiaHR0cHM6XC9cL3Nhdm9pYWl0YWx5LmNvbVwvZHcyNVwvd3AtY29udGVudFwvdXBsb2Fkc1wvMjAyNVwvMDJcL3Nhdm9pYS1sdXh1cnktaXRhbGlhbi1qZXdlbHJ5LXNob3ctcm9vbV8wMS5qcGVnIn0%3D\">\n\t\t\t\t\t\t\t<img decoding=\"async\" width=\"600\" height=\"600\" src=\"https:\/\/savoiaitaly.com\/dw25\/wp-content\/uploads\/2025\/02\/savoia-luxury-italian-jewelry-show-room_01.jpeg\" class=\"attachment-full size-full wp-image-2360\" alt=\"\" srcset=\"https:\/\/savoiaitaly.com\/dw25\/wp-content\/uploads\/2025\/02\/savoia-luxury-italian-jewelry-show-room_01.jpeg 600w, https:\/\/savoiaitaly.com\/dw25\/wp-content\/uploads\/2025\/02\/savoia-luxury-italian-jewelry-show-room_01-300x300.jpeg 300w, https:\/\/savoiaitaly.com\/dw25\/wp-content\/uploads\/2025\/02\/savoia-luxury-italian-jewelry-show-room_01-150x150.jpeg 150w, https:\/\/savoiaitaly.com\/dw25\/wp-content\/uploads\/2025\/02\/savoia-luxury-italian-jewelry-show-room_01-570x570.jpeg 570w, https:\/\/savoiaitaly.com\/dw25\/wp-content\/uploads\/2025\/02\/savoia-luxury-italian-jewelry-show-room_01-500x500.jpeg 500w\" sizes=\"(max-width: 600px) 100vw, 600px\" \/>\t\t\t\t\t\t\t\t<\/a>\n\t\t\t\t\t\t\t\t\t\t\t\t\t\t\t<\/div>\n\t\t\t\t<\/div>\n\t\t\t\t<\/div>\n\t\t<div class=\"elementor-element elementor-element-990a0a0 e-con-full e-flex parallax_section_no qode_elementor_container_no e-con e-child\" data-id=\"990a0a0\" data-element_type=\"container\">\n\t\t\t\t<div class=\"elementor-element elementor-element-a954069 elementor-widget elementor-widget-image\" data-id=\"a954069\" data-element_type=\"widget\" data-widget_type=\"image.default\">\n\t\t\t\t<div class=\"elementor-widget-container\">\n\t\t\t\t\t\t\t\t\t\t\t\t\t\t\t\t<a href=\"https:\/\/savoiaitaly.com\/dw25\/wp-content\/uploads\/2025\/02\/savoia-luxury-italian-jewelry-show-room_03.jpg\" data-elementor-open-lightbox=\"yes\" data-elementor-lightbox-title=\"Savoia Italy luxury Italian jewelry show room\" data-e-action-hash=\"#elementor-action%3Aaction%3Dlightbox%26settings%3DeyJpZCI6MjM2NiwidXJsIjoiaHR0cHM6XC9cL3Nhdm9pYWl0YWx5LmNvbVwvZHcyNVwvd3AtY29udGVudFwvdXBsb2Fkc1wvMjAyNVwvMDJcL3Nhdm9pYS1sdXh1cnktaXRhbGlhbi1qZXdlbHJ5LXNob3ctcm9vbV8wMy5qcGcifQ%3D%3D\">\n\t\t\t\t\t\t\t<img decoding=\"async\" width=\"682\" height=\"682\" src=\"https:\/\/savoiaitaly.com\/dw25\/wp-content\/uploads\/2025\/02\/savoia-luxury-italian-jewelry-show-room_03.jpg\" class=\"attachment-full size-full wp-image-2366\" alt=\"\" srcset=\"https:\/\/savoiaitaly.com\/dw25\/wp-content\/uploads\/2025\/02\/savoia-luxury-italian-jewelry-show-room_03.jpg 682w, https:\/\/savoiaitaly.com\/dw25\/wp-content\/uploads\/2025\/02\/savoia-luxury-italian-jewelry-show-room_03-300x300.jpg 300w, https:\/\/savoiaitaly.com\/dw25\/wp-content\/uploads\/2025\/02\/savoia-luxury-italian-jewelry-show-room_03-150x150.jpg 150w, https:\/\/savoiaitaly.com\/dw25\/wp-content\/uploads\/2025\/02\/savoia-luxury-italian-jewelry-show-room_03-570x570.jpg 570w, https:\/\/savoiaitaly.com\/dw25\/wp-content\/uploads\/2025\/02\/savoia-luxury-italian-jewelry-show-room_03-500x500.jpg 500w, https:\/\/savoiaitaly.com\/dw25\/wp-content\/uploads\/2025\/02\/savoia-luxury-italian-jewelry-show-room_03-650x650.jpg 650w\" sizes=\"(max-width: 682px) 100vw, 682px\" \/>\t\t\t\t\t\t\t\t<\/a>\n\t\t\t\t\t\t\t\t\t\t\t\t\t\t\t<\/div>\n\t\t\t\t<\/div>\n\t\t\t\t<\/div>\n\t\t<div class=\"elementor-element elementor-element-01ad6fe e-con-full e-flex parallax_section_no qode_elementor_container_no e-con e-child\" data-id=\"01ad6fe\" data-element_type=\"container\">\n\t\t\t\t<div class=\"elementor-element elementor-element-be60e0e elementor-widget elementor-widget-image\" data-id=\"be60e0e\" data-element_type=\"widget\" data-widget_type=\"image.default\">\n\t\t\t\t<div class=\"elementor-widget-container\">\n\t\t\t\t\t\t\t\t\t\t\t\t\t\t\t\t<a href=\"https:\/\/savoiaitaly.com\/dw25\/wp-content\/uploads\/2025\/02\/savoia-luxury-italian-jewelry-show-room_04.jpg\" data-elementor-open-lightbox=\"yes\" data-elementor-lightbox-title=\"Savoia Italy luxury Italian jewelry show room\" data-e-action-hash=\"#elementor-action%3Aaction%3Dlightbox%26settings%3DeyJpZCI6MjM2OSwidXJsIjoiaHR0cHM6XC9cL3Nhdm9pYWl0YWx5LmNvbVwvZHcyNVwvd3AtY29udGVudFwvdXBsb2Fkc1wvMjAyNVwvMDJcL3Nhdm9pYS1sdXh1cnktaXRhbGlhbi1qZXdlbHJ5LXNob3ctcm9vbV8wNC5qcGcifQ%3D%3D\">\n\t\t\t\t\t\t\t<img loading=\"lazy\" decoding=\"async\" width=\"820\" height=\"820\" src=\"https:\/\/savoiaitaly.com\/dw25\/wp-content\/uploads\/2025\/02\/savoia-luxury-italian-jewelry-show-room_04.jpg\" class=\"attachment-full size-full wp-image-2369\" alt=\"\" srcset=\"https:\/\/savoiaitaly.com\/dw25\/wp-content\/uploads\/2025\/02\/savoia-luxury-italian-jewelry-show-room_04.jpg 820w, https:\/\/savoiaitaly.com\/dw25\/wp-content\/uploads\/2025\/02\/savoia-luxury-italian-jewelry-show-room_04-300x300.jpg 300w, https:\/\/savoiaitaly.com\/dw25\/wp-content\/uploads\/2025\/02\/savoia-luxury-italian-jewelry-show-room_04-150x150.jpg 150w, https:\/\/savoiaitaly.com\/dw25\/wp-content\/uploads\/2025\/02\/savoia-luxury-italian-jewelry-show-room_04-768x768.jpg 768w, https:\/\/savoiaitaly.com\/dw25\/wp-content\/uploads\/2025\/02\/savoia-luxury-italian-jewelry-show-room_04-570x570.jpg 570w, https:\/\/savoiaitaly.com\/dw25\/wp-content\/uploads\/2025\/02\/savoia-luxury-italian-jewelry-show-room_04-500x500.jpg 500w, https:\/\/savoiaitaly.com\/dw25\/wp-content\/uploads\/2025\/02\/savoia-luxury-italian-jewelry-show-room_04-700x700.jpg 700w, https:\/\/savoiaitaly.com\/dw25\/wp-content\/uploads\/2025\/02\/savoia-luxury-italian-jewelry-show-room_04-650x650.jpg 650w\" sizes=\"(max-width: 820px) 100vw, 820px\" \/>\t\t\t\t\t\t\t\t<\/a>\n\t\t\t\t\t\t\t\t\t\t\t\t\t\t\t<\/div>\n\t\t\t\t<\/div>\n\t\t\t\t<\/div>\n\t\t\t\t\t<\/div>\n\t\t\t\t<\/div>\n\t\t\t\t<\/div>\n\t\t","protected":false},"excerpt":{"rendered":"<p>HEADQUARTER Headquarter La sede centrale, situata a Vicenza nei pressi di una delle pi\u00f9 importanti fiere dell&#8217;oro al mondo,\u00e8 stata costruita nel 2008. Un progetto innovativo nel cuore pulsante della citt\u00e0. Costituito da 8 piani, di cui 2 interrati, comprende 16 uffici, 6 showroom e 2 caveau.<\/p>\n","protected":false},"author":1,"featured_media":0,"parent":0,"menu_order":3,"comment_status":"closed","ping_status":"closed","template":"full_width.php","meta":{"footnotes":""},"class_list":["post-1371","page","type-page","status-publish","hentry"],"_links":{"self":[{"href":"https:\/\/savoiaitaly.com\/it\/wp-json\/wp\/v2\/pages\/1371","targetHints":{"allow":["GET"]}}],"collection":[{"href":"https:\/\/savoiaitaly.com\/it\/wp-json\/wp\/v2\/pages"}],"about":[{"href":"https:\/\/savoiaitaly.com\/it\/wp-json\/wp\/v2\/types\/page"}],"author":[{"embeddable":true,"href":"https:\/\/savoiaitaly.com\/it\/wp-json\/wp\/v2\/users\/1"}],"replies":[{"embeddable":true,"href":"https:\/\/savoiaitaly.com\/it\/wp-json\/wp\/v2\/comments?post=1371"}],"version-history":[{"count":7,"href":"https:\/\/savoiaitaly.com\/it\/wp-json\/wp\/v2\/pages\/1371\/revisions"}],"predecessor-version":[{"id":2376,"href":"https:\/\/savoiaitaly.com\/it\/wp-json\/wp\/v2\/pages\/1371\/revisions\/2376"}],"wp:attachment":[{"href":"https:\/\/savoiaitaly.com\/it\/wp-json\/wp\/v2\/media?parent=1371"}],"curies":[{"name":"wp","href":"https:\/\/api.w.org\/{rel}","templated":true}]}}