{"id":1840,"date":"2025-01-21T16:57:30","date_gmt":"2025-01-21T15:57:30","guid":{"rendered":"https:\/\/savoiaitaly.com\/dw25\/?page_id=1840"},"modified":"2025-04-23T17:51:47","modified_gmt":"2025-04-23T15:51:47","slug":"artemis","status":"publish","type":"page","link":"https:\/\/savoiaitaly.com\/es\/colecciones\/art-deco\/artemis\/","title":{"rendered":"Artemis"},"content":{"rendered":"\t\t<div data-elementor-type=\"wp-page\" data-elementor-id=\"1840\" class=\"elementor elementor-1840 elementor-768\" data-elementor-post-type=\"page\">\n\t\t\t\t<div class=\"elementor-element elementor-element-f7d4031 e-con-full e-flex parallax_section_no qode_elementor_container_no e-con e-parent\" data-id=\"f7d4031\" data-element_type=\"container\" data-settings=\"{&quot;background_background&quot;:&quot;classic&quot;}\">\n\t\t\t\t<div class=\"elementor-element elementor-element-09da317 elementor-widget elementor-widget-image\" data-id=\"09da317\" data-element_type=\"widget\" data-widget_type=\"image.default\">\n\t\t\t\t<div class=\"elementor-widget-container\">\n\t\t\t\t\t\t\t\t\t\t\t\t\t\t\t<img fetchpriority=\"high\" decoding=\"async\" width=\"2400\" height=\"812\" src=\"https:\/\/savoiaitaly.com\/dw25\/wp-content\/uploads\/2025\/02\/savoia-luxury-italian-jewelry-art-deco-collection_head_02.webp\" class=\"attachment-full size-full wp-image-1941\" alt=\"Art Deco es una colecci\u00f3n Savoia luxury Italian jewelry\" srcset=\"https:\/\/savoiaitaly.com\/dw25\/wp-content\/uploads\/2025\/02\/savoia-luxury-italian-jewelry-art-deco-collection_head_02.webp 2400w, https:\/\/savoiaitaly.com\/dw25\/wp-content\/uploads\/2025\/02\/savoia-luxury-italian-jewelry-art-deco-collection_head_02-300x102.webp 300w, https:\/\/savoiaitaly.com\/dw25\/wp-content\/uploads\/2025\/02\/savoia-luxury-italian-jewelry-art-deco-collection_head_02-1024x346.webp 1024w, https:\/\/savoiaitaly.com\/dw25\/wp-content\/uploads\/2025\/02\/savoia-luxury-italian-jewelry-art-deco-collection_head_02-768x260.webp 768w, https:\/\/savoiaitaly.com\/dw25\/wp-content\/uploads\/2025\/02\/savoia-luxury-italian-jewelry-art-deco-collection_head_02-1536x520.webp 1536w, https:\/\/savoiaitaly.com\/dw25\/wp-content\/uploads\/2025\/02\/savoia-luxury-italian-jewelry-art-deco-collection_head_02-2048x693.webp 2048w, https:\/\/savoiaitaly.com\/dw25\/wp-content\/uploads\/2025\/02\/savoia-luxury-italian-jewelry-art-deco-collection_head_02-700x237.webp 700w\" sizes=\"(max-width: 2400px) 100vw, 2400px\" \/>\t\t\t\t\t\t\t\t\t\t\t\t\t\t\t<\/div>\n\t\t\t\t<\/div>\n\t\t\t\t<\/div>\n\t\t<div class=\"elementor-element elementor-element-dd02925 e-flex e-con-boxed parallax_section_no qode_elementor_container_no e-con e-parent\" data-id=\"dd02925\" data-element_type=\"container\">\n\t\t\t\t\t<div class=\"e-con-inner\">\n\t\t\t\t<div class=\"elementor-element elementor-element-62eab93 premium-header-inline elementor-widget elementor-widget-premium-addon-dual-header\" data-id=\"62eab93\" data-element_type=\"widget\" data-widget_type=\"premium-addon-dual-header.default\">\n\t\t\t\t<div class=\"elementor-widget-container\">\n\t\t\t\t\t\n\t\t\t\t\t<h2 class=\"premium-dual-header-first-header \"><span class=\"premium-dual-header-first-span\">Artemis <\/span><span class=\"premium-dual-header-second-header \">anillo<\/span><\/h2> \t\t\n\t\t\t\t\t\t<\/div>\n\t\t\t\t<\/div>\n\t\t\t\t\t<\/div>\n\t\t\t\t<\/div>\n\t\t<div class=\"elementor-element elementor-element-2f67f67 e-flex e-con-boxed parallax_section_no qode_elementor_container_no e-con e-parent\" data-id=\"2f67f67\" data-element_type=\"container\">\n\t\t\t\t\t<div class=\"e-con-inner\">\n\t\t\t\t<div data-premium-element-link=\"{&quot;type&quot;:&quot;url&quot;,&quot;link&quot;:{&quot;url&quot;:&quot;https:\\\/\\\/savoiaitaly.com\\\/dw25\\\/wp-content\\\/uploads\\\/2025\\\/01\\\/savoia-italy-luxury-italian-jewelry-art-deco-artemis-ring.webp&quot;,&quot;is_external&quot;:&quot;&quot;,&quot;nofollow&quot;:&quot;&quot;,&quot;custom_attributes&quot;:&quot;data-elementor-open-lightbox=\\&quot;yes\\&quot;&quot;},&quot;href&quot;:&quot;https:\\\/\\\/savoiaitaly.com\\\/dw25\\\/wp-content\\\/uploads\\\/2025\\\/01\\\/savoia-italy-luxury-italian-jewelry-art-deco-artemis-ring.webp&quot;}\" style=\"cursor: pointer\" class=\"elementor-element elementor-element-de7e8d5 elementor-widget elementor-widget-qi_addons_for_elementor_premium_image_hotspots\" data-id=\"de7e8d5\" data-element_type=\"widget\" data-widget_type=\"qi_addons_for_elementor_premium_image_hotspots.default\">\n\t\t\t\t<div class=\"elementor-widget-container\">\n\t\t\t\t\t<div class=\"qodef-shortcode qodef-m  qodef-qi-image-hotspots qodef-info--fade qodef-info-arrow--no\">\n\t<div class=\"qodef-m-image\">\n\t<img decoding=\"async\" width=\"2400\" height=\"1600\" src=\"https:\/\/savoiaitaly.com\/dw25\/wp-content\/uploads\/2025\/01\/savoia-italy-luxury-italian-jewelry-art-deco-artemis-ring.webp\" class=\"attachment-full size-full\" alt=\"Anillo de oro amarillo Art Deco Artemis de joyer\u00eda italiana de lujo de Savoia Italy\" srcset=\"https:\/\/savoiaitaly.com\/dw25\/wp-content\/uploads\/2025\/01\/savoia-italy-luxury-italian-jewelry-art-deco-artemis-ring.webp 2400w, https:\/\/savoiaitaly.com\/dw25\/wp-content\/uploads\/2025\/01\/savoia-italy-luxury-italian-jewelry-art-deco-artemis-ring-300x200.webp 300w, https:\/\/savoiaitaly.com\/dw25\/wp-content\/uploads\/2025\/01\/savoia-italy-luxury-italian-jewelry-art-deco-artemis-ring-1024x683.webp 1024w, https:\/\/savoiaitaly.com\/dw25\/wp-content\/uploads\/2025\/01\/savoia-italy-luxury-italian-jewelry-art-deco-artemis-ring-768x512.webp 768w, https:\/\/savoiaitaly.com\/dw25\/wp-content\/uploads\/2025\/01\/savoia-italy-luxury-italian-jewelry-art-deco-artemis-ring-1536x1024.webp 1536w, https:\/\/savoiaitaly.com\/dw25\/wp-content\/uploads\/2025\/01\/savoia-italy-luxury-italian-jewelry-art-deco-artemis-ring-2048x1365.webp 2048w, https:\/\/savoiaitaly.com\/dw25\/wp-content\/uploads\/2025\/01\/savoia-italy-luxury-italian-jewelry-art-deco-artemis-ring-700x467.webp 700w\" sizes=\"(max-width: 2400px) 100vw, 2400px\" \/><\/div>\n\t<div class=\"qodef-m-items\">\n\t\t<div class=\"qodef-e qodef-e-item qodef-vertical--bottom qodef-horizontal--right qodef-info-position--left elementor-repeater-item-7f16106\">\n\t<div class=\"qodef-e-pin\">\n\t\t\t<div class=\"qodef-e-icon\">\n\t\t\t<svg aria-hidden=\"true\" class=\"e-font-icon-svg e-fas-info-circle\" viewBox=\"0 0 512 512\" xmlns=\"http:\/\/www.w3.org\/2000\/svg\"><path d=\"M256 8C119.043 8 8 119.083 8 256c0 136.997 111.043 248 248 248s248-111.003 248-248C504 119.083 392.957 8 256 8zm0 110c23.196 0 42 18.804 42 42s-18.804 42-42 42-42-18.804-42-42 18.804-42 42-42zm56 254c0 6.627-5.373 12-12 12h-88c-6.627 0-12-5.373-12-12v-24c0-6.627 5.373-12 12-12h12v-64h-12c-6.627 0-12-5.373-12-12v-24c0-6.627 5.373-12 12-12h64c6.627 0 12 5.373 12 12v100h12c6.627 0 12 5.373 12 12v24z\"><\/path><\/svg>\t\t<\/div>\n\t<\/div>\n\t<div class=\"qodef-e-info\">\n\t\t\t<p class=\"qodef-e-title\">\n\t\t\t\t\tde arriba\t\t\t<\/p>\n\t<span class=\"qodef-e-subtitle\">\n\t\t\t\t\tOro amarillo de 18 kt, talla \u00fanica\t\t\t<\/span>\n\t<\/div>\n<\/div>\n\t<\/div>\n<\/div>\n\t\t\t\t<\/div>\n\t\t\t\t<\/div>\n\t\t\t\t\t<\/div>\n\t\t\t\t<\/div>\n\t\t<div class=\"elementor-element elementor-element-36434cf e-flex e-con-boxed parallax_section_no qode_elementor_container_no e-con e-parent\" data-id=\"36434cf\" data-element_type=\"container\">\n\t\t\t\t\t<div class=\"e-con-inner\">\n\t\t\t\t<div class=\"elementor-element elementor-element-18da464 elementor-widget elementor-widget-text-editor\" data-id=\"18da464\" data-element_type=\"widget\" data-widget_type=\"text-editor.default\">\n\t\t\t\t<div class=\"elementor-widget-container\">\n\t\t\t\t\t\t\t\t\tFuerza y \u200b\u200bgracia, una joya m\u00edtica y moderna\t\t\t\t\t\t\t\t<\/div>\n\t\t\t\t<\/div>\n\t\t\t\t<div class=\"elementor-element elementor-element-46b627f e-n-tabs-mobile elementor-widget elementor-widget-n-tabs\" data-id=\"46b627f\" data-element_type=\"widget\" data-widget_type=\"nested-tabs.default\">\n\t\t\t\t<div class=\"elementor-widget-container\">\n\t\t\t\t\t\t\t<div class=\"e-n-tabs\" data-widget-number=\"74146431\" aria-label=\"Pesta\u00f1as. Abre elementos con Intro o Espacio, ci\u00e9rralos con Escape y navega con las fechas.\">\n\t\t\t<div class=\"e-n-tabs-heading\" role=\"tablist\">\n\t\t\t\t\t<button id=\"e-n-tab-title-741464311\" class=\"e-n-tab-title\" aria-selected=\"true\" data-tab-index=\"1\" role=\"tab\" tabindex=\"0\" aria-controls=\"e-n-tab-content-741464311\" style=\"--n-tabs-title-order: 1;\">\n\t\t\t\t\t<span class=\"e-n-tab-icon\">\n\t\t\t<svg aria-hidden=\"true\" class=\"e-font-icon-svg e-fas-align-left\" viewBox=\"0 0 448 512\" xmlns=\"http:\/\/www.w3.org\/2000\/svg\"><path d=\"M12.83 352h262.34A12.82 12.82 0 0 0 288 339.17v-38.34A12.82 12.82 0 0 0 275.17 288H12.83A12.82 12.82 0 0 0 0 300.83v38.34A12.82 12.82 0 0 0 12.83 352zm0-256h262.34A12.82 12.82 0 0 0 288 83.17V44.83A12.82 12.82 0 0 0 275.17 32H12.83A12.82 12.82 0 0 0 0 44.83v38.34A12.82 12.82 0 0 0 12.83 96zM432 160H16a16 16 0 0 0-16 16v32a16 16 0 0 0 16 16h416a16 16 0 0 0 16-16v-32a16 16 0 0 0-16-16zm0 256H16a16 16 0 0 0-16 16v32a16 16 0 0 0 16 16h416a16 16 0 0 0 16-16v-32a16 16 0 0 0-16-16z\"><\/path><\/svg>\t\t\t<svg aria-hidden=\"true\" class=\"e-font-icon-svg e-fas-align-left\" viewBox=\"0 0 448 512\" xmlns=\"http:\/\/www.w3.org\/2000\/svg\"><path d=\"M12.83 352h262.34A12.82 12.82 0 0 0 288 339.17v-38.34A12.82 12.82 0 0 0 275.17 288H12.83A12.82 12.82 0 0 0 0 300.83v38.34A12.82 12.82 0 0 0 12.83 352zm0-256h262.34A12.82 12.82 0 0 0 288 83.17V44.83A12.82 12.82 0 0 0 275.17 32H12.83A12.82 12.82 0 0 0 0 44.83v38.34A12.82 12.82 0 0 0 12.83 96zM432 160H16a16 16 0 0 0-16 16v32a16 16 0 0 0 16 16h416a16 16 0 0 0 16-16v-32a16 16 0 0 0-16-16zm0 256H16a16 16 0 0 0-16 16v32a16 16 0 0 0 16 16h416a16 16 0 0 0 16-16v-32a16 16 0 0 0-16-16z\"><\/path><\/svg>\t\t<\/span>\n\t\t\t\t\t<span class=\"e-n-tab-title-text\">\n\t\t\t\t\t\t\t<\/span>\n\t\t<\/button>\n\t\t\t\t<button id=\"e-n-tab-title-741464312\" class=\"e-n-tab-title\" aria-selected=\"false\" data-tab-index=\"2\" role=\"tab\" tabindex=\"-1\" aria-controls=\"e-n-tab-content-741464312\" style=\"--n-tabs-title-order: 2;\">\n\t\t\t\t\t<span class=\"e-n-tab-icon\">\n\t\t\t<svg aria-hidden=\"true\" class=\"e-font-icon-svg e-fas-table\" viewBox=\"0 0 512 512\" xmlns=\"http:\/\/www.w3.org\/2000\/svg\"><path d=\"M464 32H48C21.49 32 0 53.49 0 80v352c0 26.51 21.49 48 48 48h416c26.51 0 48-21.49 48-48V80c0-26.51-21.49-48-48-48zM224 416H64v-96h160v96zm0-160H64v-96h160v96zm224 160H288v-96h160v96zm0-160H288v-96h160v96z\"><\/path><\/svg>\t\t\t<svg aria-hidden=\"true\" class=\"e-font-icon-svg e-fas-table\" viewBox=\"0 0 512 512\" xmlns=\"http:\/\/www.w3.org\/2000\/svg\"><path d=\"M464 32H48C21.49 32 0 53.49 0 80v352c0 26.51 21.49 48 48 48h416c26.51 0 48-21.49 48-48V80c0-26.51-21.49-48-48-48zM224 416H64v-96h160v96zm0-160H64v-96h160v96zm224 160H288v-96h160v96zm0-160H288v-96h160v96z\"><\/path><\/svg>\t\t<\/span>\n\t\t\t\t\t<span class=\"e-n-tab-title-text\">\n\t\t\t\t\t\t\t<\/span>\n\t\t<\/button>\n\t\t\t\t\t<\/div>\n\t\t\t<div class=\"e-n-tabs-content\">\n\t\t\t\t<div id=\"e-n-tab-content-741464311\" role=\"tabpanel\" aria-labelledby=\"e-n-tab-title-741464311\" data-tab-index=\"1\" style=\"--n-tabs-title-order: 1;\" class=\"e-active elementor-element elementor-element-89ed4b1 e-con-full e-flex parallax_section_no qode_elementor_container_no e-con e-child\" data-id=\"89ed4b1\" data-element_type=\"container\">\n\t\t\t\t<div class=\"elementor-element elementor-element-4391397 elementor-widget elementor-widget-text-editor\" data-id=\"4391397\" data-element_type=\"widget\" data-widget_type=\"text-editor.default\">\n\t\t\t\t<div class=\"elementor-widget-container\">\n\t\t\t\t\t\t\t\t\tLa l\u00ednea de joyer\u00eda Art D\u00e9co est\u00e1 inspirada en la elegancia geom\u00e9trica y las formas atrevidas del movimiento art\u00edstico del mismo nombre de los a\u00f1os 1920 y 1930. Caracterizado por dise\u00f1os refinados, combina materiales preciosos, oro blanco y diamantes con detalles coloridos. L\u00edneas limpias, simetr\u00edas perfectas y motivos ic\u00f3nicos hacen de cada pieza un tributo a la modernidad y el glamour de la \u00e9poca.\t\t\t\t\t\t\t\t<\/div>\n\t\t\t\t<\/div>\n\t\t\t\t<\/div>\n\t\t<div id=\"e-n-tab-content-741464312\" role=\"tabpanel\" aria-labelledby=\"e-n-tab-title-741464312\" data-tab-index=\"2\" style=\"--n-tabs-title-order: 2;\" class=\" elementor-element elementor-element-32a76d5 e-con-full e-flex parallax_section_no qode_elementor_container_no e-con e-child\" data-id=\"32a76d5\" data-element_type=\"container\">\n\t\t\t\t<div class=\"elementor-element elementor-element-b693744 elementor-widget elementor-widget-qi_addons_for_elementor_icon_with_text\" data-id=\"b693744\" data-element_type=\"widget\" data-widget_type=\"qi_addons_for_elementor_icon_with_text.default\">\n\t\t\t\t<div class=\"elementor-widget-container\">\n\t\t\t\t\t<div class=\"qodef-shortcode qodef-m  qodef-qi-icon-with-text qodef-layout--before-content    qodef--custom-icon qodef-column-responsive--never\" >\n\t\t\t<div class=\"qodef-m-icon-wrapper\">\n\t\t\t\t<div class=\"qodef-m-icon-holder\">\n\t\t<svg xmlns=\"http:\/\/www.w3.org\/2000\/svg\" xmlns:xlink=\"http:\/\/www.w3.org\/1999\/xlink\" xmlns:serif=\"http:\/\/www.serif.com\/\" width=\"100%\" height=\"100%\" viewBox=\"0 0 698 448\" xml:space=\"preserve\" style=\"fill-rule:evenodd;clip-rule:evenodd;stroke-linejoin:round;stroke-miterlimit:2;\">  <path d=\"M23.004,206.137c-16.4,15.4 -20.425,32.725 -10.45,51.755c10.325,19.687 29.188,32.4 52.067,39.945c57.887,19.125 113.796,8.6 168.692,-10.32c2.32,-0.78 4.137,-3.1 5.679,-4.988c14.654,-17.904 36.262,-25.362 60.587,-26.104c26.834,-0.854 50.65,-8.038 73.146,-19.504c13.75,-6.984 22.004,-17.488 26.45,-31.963c-4.808,1.559 -7.875,2.542 -10.937,3.538c-0.6,-0.946 -1.255,-1.925 -1.855,-2.884c6.55,-3.429 13.117,-6.841 19.375,-10.087c-3.137,-1.325 -6.458,-2.683 -13.679,-5.679c25.454,-1.179 22.842,-15.567 26.071,-27.992c-3.883,1.596 -6.804,2.796 -9.742,4.008c-0.745,-0.633 -1.541,-1.229 -2.287,-1.866c10.342,-10.634 20.662,-21.263 31.004,-31.875c-0.633,-0.559 -1.233,-1.104 -1.887,-1.667c-4.225,2.175 -8.434,4.354 -12.663,6.529c-0.958,-0.8 -1.958,-1.596 -2.9,-2.375c5.388,-5.696 10.775,-11.391 14.875,-15.675c-3.537,-2.429 -7.962,-5.479 -12.408,-8.508c1.216,-1.05 2.466,-2.104 3.662,-3.121l15.004,0c1.05,-2.7 1.217,-5.967 2.596,-6.383c8.071,-2.325 12.717,-6.479 7.871,-13.079c-0.979,-1.38 -9.975,1.412 -15.962,2.412c1.087,-3.283 2.32,-7.004 4.079,-12.321c-6.784,3.104 -11.717,5.354 -16.65,7.638c1.104,-3.317 2.991,-5.55 5.312,-7.417c2.288,-1.796 4.971,-3.175 8.363,-5.279c-18.013,-1.813 -20.425,-3.392 -22.367,-13.663c16.2,6.042 32.183,-1.087 49.108,-21.895c-2.141,-0.796 -4.208,-1.542 -4.483,-1.688c14.371,-8.254 28.808,-16.525 44.521,-25.596c-4.771,0 -8.054,0.146 -11.321,0c-3.229,-0.179 -6.442,-0.633 -9.617,-0.958c0.021,-1.379 0.021,-2.796 0.021,-4.192c18.884,-1.45 38.15,-5.387 56.563,-3.521c13.404,1.38 26.396,6.313 40.362,3.863c-1.433,-1.596 -3.154,-3.408 -4.862,-5.225c6.15,2.687 12.1,5.808 18.504,7.95c6.696,2.246 7.329,13.221 18.342,9.033c0.183,-0.054 0.745,0.434 1.07,0.725c18.625,15.263 40.05,26.479 64.271,33.65c9.854,2.884 13.788,7.746 9.942,16.292c-2.667,5.912 -4.496,12.225 -8.308,17.612c-2.05,2.98 -6.984,5.609 -11.155,6.242c-6.733,1.017 -13.895,0.271 -21.116,1.558c7.783,0.963 15.583,1.909 25.125,3.034c-0.563,7.816 -1.088,15.475 -1.796,26.066c-10.033,-4.408 -19.921,-7.745 -28.429,-12.77c-10.013,-5.934 -19.825,-8.184 -35.9,-3.538c9.525,8.542 17.341,15.529 26.071,23.383c-3.7,0.963 -8.692,2.288 -15.492,4.03c7.292,2.45 13.258,4.441 21.767,7.308c-6.784,1.833 -11.521,3.121 -14.567,3.954c4.517,7.963 9.162,16.113 13.804,24.254c-1.25,0.584 -2.467,1.179 -3.717,1.763c-2.579,-2.488 -5.133,-4.954 -8.67,-8.363c2.737,10.521 5.112,19.754 7.508,28.988c-1.325,0.237 -2.704,0.487 -3.992,0.725c-2.721,-3.246 -5.458,-6.55 -8.2,-9.796l0,42.704c-5.387,-4.229 -7.362,-5.767 -8.996,-7.058c-0.725,6.204 -1.379,12.354 -2.087,18.487c-0.908,0.092 -1.833,0.146 -2.721,0.217c-1.162,-3.429 -2.321,-6.838 -3.521,-10.25c1.125,29.442 -21.496,52.483 -30.021,79.312c-3.412,10.85 -4.445,22.48 -4.57,33.78c-0.167,8.2 3.191,16.416 4.441,24.654c3.067,20.3 18.359,31.546 39.859,37.408c11.154,3.046 18.375,8.813 19.37,18.029c0.817,7.475 5.717,8.779 12.3,10.504c18.196,4.7 36.246,9.78 54.042,15.8c-179.829,-37.841 -358.933,-21.441 -538.475,1.942c12.479,-3.029 24.942,-6.021 36.9,-8.962c-4.846,-7.909 -9.85,-15.238 -13.787,-22.93c-1.363,-2.666 -1.342,-6.929 0.27,-9.416c11.3,-17.034 3.83,-33.304 -0.941,-52.084c3.879,-0.725 9.325,-2.629 14.675,-2.5c13.041,0.309 20.554,-5.154 23.708,-15.041c3.029,-9.45 4.992,-19.117 7.35,-28.425c-27.033,3.937 -52.137,9.125 -77.625,10.975c-45.646,3.321 -89.146,-3.538 -122.687,-32.125c-12.009,-10.2 -18.105,-25.363 -26.888,-38.246l0,-16.725c7.404,-8.888 14.804,-17.758 22.225,-26.667l0.763,0.692l0.016,-0.038Zm311.063,169.98c28.262,24.725 56.654,42.85 99.483,40.258c-3.792,-15.913 -11.046,-30.825 -9.596,-45.154c1.109,-11.596 -3.066,-20.629 -6.112,-30.679c-1.925,-6.546 -9.671,-10.321 -10.667,-18.05c-0.308,-2.375 -14.475,-3.5 -25.958,-5.967c11.516,37.75 -9.617,53.117 -47.15,59.592Zm-48.638,-9.667c6.296,-2.288 14.079,-4.3 20.829,-7.767c4.209,-2.137 10.267,-7.162 9.521,-9.596c-1.233,-4.191 -6.512,-8.87 -11.391,-10.412c-3.755,-1.179 -12.534,0.942 -13.896,3.554c-13.479,25.525 -35.3,38.188 -71.329,32.329c1.85,9.85 2.883,17.142 4.733,24.346c1.996,7.746 7.204,12.096 17.687,12.333c10.071,0.2 20.284,2.05 18.921,15.038c24.729,-2.808 48.292,-5.475 76.846,-8.779c-18.358,-18.034 -34.575,-33.975 -51.937,-51.067l0.016,0.021Zm218.946,-42.742c-28.554,5.025 -29.154,5.042 -28.521,31.204c0.238,8.742 2.867,17.959 7.079,25.975c2.175,4.23 9.813,7.021 15.617,9.234c13.663,5.187 24.238,12.429 29.117,25.8l17.779,-0c-18.033,-30.496 -12.646,-66.054 -41.054,-92.213l-0.017,0Z\" style=\"fill-rule:nonzero;\"><\/path><\/svg>\t<\/div>\n\t\t<\/div>\n\t\t<div class=\"qodef-m-content\">\n\t\t\t<h4 class=\"qodef-m-title\">\n\t\t\t\t\t<span class=\"qodef-m-title-text\">Todas las joyas de la Colecci\u00f3n Art Deco son en oro de 18 kt<\/span>\n\t\t\t<\/h4>\n\t\t\t\t\t<div class=\"qodef-m-text\">Colores disponibles: Oro amarillo, Oro rosa, Oro blanco<\/div>\n\t\t\t<\/div>\n<\/div>\n\t\t\t\t<\/div>\n\t\t\t\t<\/div>\n\t\t\t\t<div class=\"elementor-element elementor-element-3442ab3 elementor-widget elementor-widget-qi_addons_for_elementor_premium_data_table\" data-id=\"3442ab3\" data-element_type=\"widget\" data-widget_type=\"qi_addons_for_elementor_premium_data_table.default\">\n\t\t\t\t<div class=\"elementor-widget-container\">\n\t\t\t\t\t<div class=\"qodef-shortcode qodef-m  qodef-qi-data-table qodef-border--inside qodef-text-link--underline-initial\">\n\t<div class=\"qodef-m-table-holder\">\n\t\t<div class=\"qodef-m-table\" data-id=\"1\">\n\t<div class=\"qodef-m-main-row qodef-e-row\">\n\t\t<div class=\"qodef-e-cell qodef-row-title elementor-repeater-item-922f969\">\n\t<h4 class=\"qodef-e-title\">\n\t\tC\u00f3digo\t<\/h4>\n<\/div>\n<div class=\"qodef-e-cell qodef-row-title elementor-repeater-item-42b9d52\">\n\t<h4 class=\"qodef-e-title\">\n\t\tTalla\t<\/h4>\n<\/div>\n<div class=\"qodef-e-cell qodef-row-title elementor-repeater-item-df646ec\">\n\t<h4 class=\"qodef-e-title\">\n\t\tDiamantes\t<\/h4>\n<\/div>\n\t<\/div>\n\t<div class=\"qodef-e-row\">\n\t\t<div class=\"qodef-e-cell qodef-e-text elementor-repeater-item-922f969\">\n\t\tADR18Y502\t<\/div>\n<div class=\"qodef-e-cell qodef-e-text elementor-repeater-item-42b9d52\">\n\t\t\u00daNICA\t<\/div>\n<div class=\"qodef-e-cell qodef-e-text elementor-repeater-item-df646ec\">\n\t\t0.45 ct\t<\/div>\n\t<\/div>\n<\/div>\n\t<\/div>\n\t<\/div>\n\t\t\t\t<\/div>\n\t\t\t\t<\/div>\n\t\t\t\t<\/div>\n\t\t\t\t\t<\/div>\n\t\t<\/div>\n\t\t\t\t\t\t<\/div>\n\t\t\t\t<\/div>\n\t\t\t\t\t<\/div>\n\t\t\t\t<\/div>\n\t\t<div class=\"elementor-element elementor-element-2e012d6 e-con-full e-flex parallax_section_no qode_elementor_container_no e-con e-parent\" data-id=\"2e012d6\" data-element_type=\"container\">\n\t\t\t\t<div class=\"elementor-element elementor-element-647b698 elementor-widget elementor-widget-template\" data-id=\"647b698\" data-element_type=\"widget\" data-widget_type=\"template.default\">\n\t\t\t\t<div class=\"elementor-widget-container\">\n\t\t\t\t\t\t\t<div class=\"elementor-template\">\n\t\t\t\t\t<div data-elementor-type=\"container\" data-elementor-id=\"565\" class=\"elementor elementor-565 elementor-559\" data-elementor-post-type=\"elementor_library\">\n\t\t\t\t<div class=\"elementor-element elementor-element-44b91832 e-con-full e-flex parallax_section_no qode_elementor_container_no e-con e-parent\" data-id=\"44b91832\" data-element_type=\"container\">\n\t\t<div class=\"elementor-element elementor-element-129210ba e-con-full e-flex parallax_section_no qode_elementor_container_no e-con e-child\" data-id=\"129210ba\" data-element_type=\"container\">\n\t\t\t\t<div class=\"elementor-element elementor-element-7c8e34ee elementor-widget elementor-widget-bridge_custom_font\" data-id=\"7c8e34ee\" data-element_type=\"widget\" data-widget_type=\"bridge_custom_font.default\">\n\t\t\t\t<div class=\"elementor-widget-container\">\n\t\t\t\t\t<div class=\"custom_font_holder \" style=\"font-family: Be Vietnam Pro; font-style: normal; font-weight: 200; color: #75797B; text-decoration: none; padding: 0; margin: 0; text-align: left; --qode-cf-font-size: 20px; --qode-cf-line-height: 20px; --qode-cf-font-size-1440: 20px; --qode-cf-line-height-1440: 20px; --qode-cf-font-size-1366: 20px; --qode-cf-line-height-1366: 20px; --qode-cf-font-size-1280: 20px; --qode-cf-line-height-1280: 20px; --qode-cf-font-size-1024: 20px; --qode-cf-line-height-1024: 20px; --qode-cf-font-size-768: 20px; --qode-cf-line-height-768: 20px; --qode-cf-font-size-680: 20px; --qode-cf-line-height-680: 20px; --qode-cf-font-size-480: 20px; --qode-cf-line-height-480: 20px;\">store locator<\/div>\t\t\t\t<\/div>\n\t\t\t\t<\/div>\n\t\t\t\t<div class=\"elementor-element elementor-element-76cf4cb3 elementor-widget elementor-widget-heading\" data-id=\"76cf4cb3\" data-element_type=\"widget\" data-widget_type=\"heading.default\">\n\t\t\t\t<div class=\"elementor-widget-container\">\n\t\t\t\t\t<h3 class=\"elementor-heading-title elementor-size-default\">descubre d\u00f3nde puedes encontrar joyas de Savoia Italy cerca de ti<\/h3>\t\t\t\t<\/div>\n\t\t\t\t<\/div>\n\t\t\t\t<div class=\"elementor-element elementor-element-7b273ce5 elementor-widget elementor-widget-button\" data-id=\"7b273ce5\" data-element_type=\"widget\" data-widget_type=\"button.default\">\n\t\t\t\t<div class=\"elementor-widget-container\">\n\t\t\t\t\t\t\t\t\t<div class=\"elementor-button-wrapper\">\n\t\t\t\t\t<a class=\"elementor-button elementor-button-link elementor-size-sm\" href=\"https:\/\/savoiaitaly.com\/es\/contactenos\/store-locator\/\">\n\t\t\t\t\t\t<span class=\"elementor-button-content-wrapper\">\n\t\t\t\t\t\t\t\t\t<span class=\"elementor-button-text\">ir al store locator<\/span>\n\t\t\t\t\t<\/span>\n\t\t\t\t\t<\/a>\n\t\t\t\t<\/div>\n\t\t\t\t\t\t\t\t<\/div>\n\t\t\t\t<\/div>\n\t\t\t\t<\/div>\n\t\t<div class=\"elementor-element elementor-element-1f3a665b e-con-full e-flex parallax_section_no qode_elementor_container_no e-con e-child\" data-id=\"1f3a665b\" data-element_type=\"container\">\n\t\t\t\t<div class=\"elementor-element elementor-element-fe7a532 elementor-widget elementor-widget-image\" data-id=\"fe7a532\" data-element_type=\"widget\" data-widget_type=\"image.default\">\n\t\t\t\t<div class=\"elementor-widget-container\">\n\t\t\t\t\t\t\t\t\t\t\t\t\t\t\t<img decoding=\"async\" width=\"1409\" height=\"1409\" src=\"https:\/\/savoiaitaly.com\/dw25\/wp-content\/uploads\/2025\/04\/LAVORAZIONE.webp\" class=\"attachment-full size-full wp-image-2734\" alt=\"\" srcset=\"https:\/\/savoiaitaly.com\/dw25\/wp-content\/uploads\/2025\/04\/LAVORAZIONE.webp 1409w, https:\/\/savoiaitaly.com\/dw25\/wp-content\/uploads\/2025\/04\/LAVORAZIONE-300x300.webp 300w, https:\/\/savoiaitaly.com\/dw25\/wp-content\/uploads\/2025\/04\/LAVORAZIONE-1024x1024.webp 1024w, https:\/\/savoiaitaly.com\/dw25\/wp-content\/uploads\/2025\/04\/LAVORAZIONE-150x150.webp 150w, https:\/\/savoiaitaly.com\/dw25\/wp-content\/uploads\/2025\/04\/LAVORAZIONE-768x768.webp 768w, https:\/\/savoiaitaly.com\/dw25\/wp-content\/uploads\/2025\/04\/LAVORAZIONE-570x570.webp 570w, https:\/\/savoiaitaly.com\/dw25\/wp-content\/uploads\/2025\/04\/LAVORAZIONE-500x500.webp 500w, https:\/\/savoiaitaly.com\/dw25\/wp-content\/uploads\/2025\/04\/LAVORAZIONE-1000x1000.webp 1000w, https:\/\/savoiaitaly.com\/dw25\/wp-content\/uploads\/2025\/04\/LAVORAZIONE-700x700.webp 700w, https:\/\/savoiaitaly.com\/dw25\/wp-content\/uploads\/2025\/04\/LAVORAZIONE-650x650.webp 650w, https:\/\/savoiaitaly.com\/dw25\/wp-content\/uploads\/2025\/04\/LAVORAZIONE-1300x1300.webp 1300w\" sizes=\"(max-width: 1409px) 100vw, 1409px\" \/>\t\t\t\t\t\t\t\t\t\t\t\t\t\t\t<\/div>\n\t\t\t\t<\/div>\n\t\t\t\t<\/div>\n\t\t\t\t<\/div>\n\t\t\t\t<\/div>\n\t\t\t\t<\/div>\n\t\t\t\t\t\t<\/div>\n\t\t\t\t<\/div>\n\t\t\t\t<\/div>\n\t\t\t\t<\/div>\n\t\t","protected":false},"excerpt":{"rendered":"<p>Artemis anillo de arriba Oro amarillo de 18 kt, talla \u00fanica Fuerza y \u200b\u200bgracia, una joya m\u00edtica y moderna La l\u00ednea de joyer\u00eda Art D\u00e9co est\u00e1 inspirada en la elegancia geom\u00e9trica y las formas atrevidas del movimiento art\u00edstico del mismo nombre de los a\u00f1os 1920 y 1930. Caracterizado por dise\u00f1os refinados, combina materiales preciosos, oro blanco y diamantes con detalles coloridos. L\u00edneas limpias, simetr\u00edas perfectas y motivos ic\u00f3nicos hacen de cada pieza un tributo a la modernidad y el glamour de la \u00e9poca. Todas las joyas de la Colecci\u00f3n Art Deco son en oro de 18 kt Colores disponibles: Oro&#8230;<\/p>\n","protected":false},"author":1,"featured_media":0,"parent":1523,"menu_order":0,"comment_status":"closed","ping_status":"closed","template":"full_width.php","meta":{"footnotes":""},"class_list":["post-1840","page","type-page","status-publish","hentry"],"_links":{"self":[{"href":"https:\/\/savoiaitaly.com\/es\/wp-json\/wp\/v2\/pages\/1840","targetHints":{"allow":["GET"]}}],"collection":[{"href":"https:\/\/savoiaitaly.com\/es\/wp-json\/wp\/v2\/pages"}],"about":[{"href":"https:\/\/savoiaitaly.com\/es\/wp-json\/wp\/v2\/types\/page"}],"author":[{"embeddable":true,"href":"https:\/\/savoiaitaly.com\/es\/wp-json\/wp\/v2\/users\/1"}],"replies":[{"embeddable":true,"href":"https:\/\/savoiaitaly.com\/es\/wp-json\/wp\/v2\/comments?post=1840"}],"version-history":[{"count":10,"href":"https:\/\/savoiaitaly.com\/es\/wp-json\/wp\/v2\/pages\/1840\/revisions"}],"predecessor-version":[{"id":3084,"href":"https:\/\/savoiaitaly.com\/es\/wp-json\/wp\/v2\/pages\/1840\/revisions\/3084"}],"up":[{"embeddable":true,"href":"https:\/\/savoiaitaly.com\/es\/wp-json\/wp\/v2\/pages\/1523"}],"wp:attachment":[{"href":"https:\/\/savoiaitaly.com\/es\/wp-json\/wp\/v2\/media?parent=1840"}],"curies":[{"name":"wp","href":"https:\/\/api.w.org\/{rel}","templated":true}]}}