{"id":1800,"date":"2025-01-21T14:52:02","date_gmt":"2025-01-21T13:52:02","guid":{"rendered":"https:\/\/savoiaitaly.com\/dw25\/?page_id=1800"},"modified":"2025-04-18T16:56:04","modified_gmt":"2025-04-18T14:56:04","slug":"gilda","status":"publish","type":"page","link":"https:\/\/savoiaitaly.com\/es\/colecciones\/arena\/gilda\/","title":{"rendered":"Gilda"},"content":{"rendered":"\t\t<div data-elementor-type=\"wp-page\" data-elementor-id=\"1800\" class=\"elementor elementor-1800 elementor-605\" data-elementor-post-type=\"page\">\n\t\t\t\t<div class=\"elementor-element elementor-element-f7d4031 e-con-full e-flex parallax_section_no qode_elementor_container_no e-con e-parent\" data-id=\"f7d4031\" data-element_type=\"container\" data-settings=\"{&quot;background_background&quot;:&quot;classic&quot;}\">\n\t\t\t\t<div class=\"elementor-element elementor-element-09da317 elementor-widget elementor-widget-image\" data-id=\"09da317\" data-element_type=\"widget\" data-widget_type=\"image.default\">\n\t\t\t\t<div class=\"elementor-widget-container\">\n\t\t\t\t\t\t\t\t\t\t\t\t\t\t\t<img fetchpriority=\"high\" decoding=\"async\" width=\"2400\" height=\"812\" src=\"https:\/\/savoiaitaly.com\/dw25\/wp-content\/uploads\/2025\/02\/savoia-luxury-italian-jewelry-arena-collection_head_02.webp\" class=\"attachment-full size-full wp-image-1917\" alt=\"Arena es una colecci\u00f3n Savoia luxury Italian jewelry\" srcset=\"https:\/\/savoiaitaly.com\/dw25\/wp-content\/uploads\/2025\/02\/savoia-luxury-italian-jewelry-arena-collection_head_02.webp 2400w, https:\/\/savoiaitaly.com\/dw25\/wp-content\/uploads\/2025\/02\/savoia-luxury-italian-jewelry-arena-collection_head_02-300x102.webp 300w, https:\/\/savoiaitaly.com\/dw25\/wp-content\/uploads\/2025\/02\/savoia-luxury-italian-jewelry-arena-collection_head_02-1024x346.webp 1024w, https:\/\/savoiaitaly.com\/dw25\/wp-content\/uploads\/2025\/02\/savoia-luxury-italian-jewelry-arena-collection_head_02-768x260.webp 768w, https:\/\/savoiaitaly.com\/dw25\/wp-content\/uploads\/2025\/02\/savoia-luxury-italian-jewelry-arena-collection_head_02-1536x520.webp 1536w, https:\/\/savoiaitaly.com\/dw25\/wp-content\/uploads\/2025\/02\/savoia-luxury-italian-jewelry-arena-collection_head_02-2048x693.webp 2048w, https:\/\/savoiaitaly.com\/dw25\/wp-content\/uploads\/2025\/02\/savoia-luxury-italian-jewelry-arena-collection_head_02-700x237.webp 700w\" sizes=\"(max-width: 2400px) 100vw, 2400px\" \/>\t\t\t\t\t\t\t\t\t\t\t\t\t\t\t<\/div>\n\t\t\t\t<\/div>\n\t\t\t\t<\/div>\n\t\t<div class=\"elementor-element elementor-element-dd02925 e-flex e-con-boxed parallax_section_no qode_elementor_container_no e-con e-parent\" data-id=\"dd02925\" data-element_type=\"container\">\n\t\t\t\t\t<div class=\"e-con-inner\">\n\t\t\t\t<div class=\"elementor-element elementor-element-62eab93 premium-header-inline elementor-widget elementor-widget-premium-addon-dual-header\" data-id=\"62eab93\" data-element_type=\"widget\" data-widget_type=\"premium-addon-dual-header.default\">\n\t\t\t\t<div class=\"elementor-widget-container\">\n\t\t\t\t\t\n\t\t\t\t\t<h2 class=\"premium-dual-header-first-header \"><span class=\"premium-dual-header-first-span\">Gilda <\/span><span class=\"premium-dual-header-second-header \">colgante<\/span><\/h2> \t\t\n\t\t\t\t\t\t<\/div>\n\t\t\t\t<\/div>\n\t\t\t\t\t<\/div>\n\t\t\t\t<\/div>\n\t\t<div class=\"elementor-element elementor-element-2f67f67 e-flex e-con-boxed parallax_section_no qode_elementor_container_no e-con e-parent\" data-id=\"2f67f67\" data-element_type=\"container\">\n\t\t\t\t\t<div class=\"e-con-inner\">\n\t\t\t\t<div data-premium-element-link=\"{&quot;type&quot;:&quot;url&quot;,&quot;link&quot;:{&quot;url&quot;:&quot;https:\\\/\\\/savoiaitaly.com\\\/dw25\\\/wp-content\\\/uploads\\\/2025\\\/01\\\/savoia-italy-luxury-italian-jewelry-arena-gilda-pendant.webp&quot;,&quot;is_external&quot;:&quot;&quot;,&quot;nofollow&quot;:&quot;&quot;,&quot;custom_attributes&quot;:&quot;data-elementor-open-lightbox=\\&quot;yes\\&quot;&quot;},&quot;href&quot;:&quot;https:\\\/\\\/savoiaitaly.com\\\/dw25\\\/wp-content\\\/uploads\\\/2025\\\/01\\\/savoia-italy-luxury-italian-jewelry-arena-gilda-pendant.webp&quot;}\" style=\"cursor: pointer\" class=\"elementor-element elementor-element-de7e8d5 elementor-widget elementor-widget-qi_addons_for_elementor_premium_image_hotspots\" data-id=\"de7e8d5\" data-element_type=\"widget\" data-widget_type=\"qi_addons_for_elementor_premium_image_hotspots.default\">\n\t\t\t\t<div class=\"elementor-widget-container\">\n\t\t\t\t\t<div class=\"qodef-shortcode qodef-m  qodef-qi-image-hotspots qodef-info--fade qodef-info-arrow--no\">\n\t<div class=\"qodef-m-image\">\n\t<img decoding=\"async\" width=\"2400\" height=\"1600\" src=\"https:\/\/savoiaitaly.com\/dw25\/wp-content\/uploads\/2025\/01\/savoia-italy-luxury-italian-jewelry-arena-gilda-pendant.webp\" class=\"attachment-full size-full\" alt=\"Colgante de oro blanco Arena Gilda de joyer\u00eda italiana de lujo de Savoia Italy\" srcset=\"https:\/\/savoiaitaly.com\/dw25\/wp-content\/uploads\/2025\/01\/savoia-italy-luxury-italian-jewelry-arena-gilda-pendant.webp 2400w, https:\/\/savoiaitaly.com\/dw25\/wp-content\/uploads\/2025\/01\/savoia-italy-luxury-italian-jewelry-arena-gilda-pendant-300x200.webp 300w, https:\/\/savoiaitaly.com\/dw25\/wp-content\/uploads\/2025\/01\/savoia-italy-luxury-italian-jewelry-arena-gilda-pendant-1024x683.webp 1024w, https:\/\/savoiaitaly.com\/dw25\/wp-content\/uploads\/2025\/01\/savoia-italy-luxury-italian-jewelry-arena-gilda-pendant-768x512.webp 768w, https:\/\/savoiaitaly.com\/dw25\/wp-content\/uploads\/2025\/01\/savoia-italy-luxury-italian-jewelry-arena-gilda-pendant-1536x1024.webp 1536w, https:\/\/savoiaitaly.com\/dw25\/wp-content\/uploads\/2025\/01\/savoia-italy-luxury-italian-jewelry-arena-gilda-pendant-2048x1365.webp 2048w, https:\/\/savoiaitaly.com\/dw25\/wp-content\/uploads\/2025\/01\/savoia-italy-luxury-italian-jewelry-arena-gilda-pendant-700x467.webp 700w\" sizes=\"(max-width: 2400px) 100vw, 2400px\" \/><\/div>\n\t<div class=\"qodef-m-items\">\n\t\t<div class=\"qodef-e qodef-e-item qodef-vertical--bottom qodef-horizontal--right qodef-info-position--left elementor-repeater-item-7f16106\">\n\t<div class=\"qodef-e-pin\">\n\t\t\t<div class=\"qodef-e-icon\">\n\t\t\t<svg aria-hidden=\"true\" class=\"e-font-icon-svg e-fas-info-circle\" viewBox=\"0 0 512 512\" xmlns=\"http:\/\/www.w3.org\/2000\/svg\"><path d=\"M256 8C119.043 8 8 119.083 8 256c0 136.997 111.043 248 248 248s248-111.003 248-248C504 119.083 392.957 8 256 8zm0 110c23.196 0 42 18.804 42 42s-18.804 42-42 42-42-18.804-42-42 18.804-42 42-42zm56 254c0 6.627-5.373 12-12 12h-88c-6.627 0-12-5.373-12-12v-24c0-6.627 5.373-12 12-12h12v-64h-12c-6.627 0-12-5.373-12-12v-24c0-6.627 5.373-12 12-12h64c6.627 0 12 5.373 12 12v100h12c6.627 0 12 5.373 12 12v24z\"><\/path><\/svg>\t\t<\/div>\n\t<\/div>\n\t<div class=\"qodef-e-info\">\n\t\t\t<p class=\"qodef-e-title\">\n\t\t\t\t\tde arriba\t\t\t<\/p>\n\t<span class=\"qodef-e-subtitle\">\n\t\t\t\t\tOro blanco de 18 kt\t\t\t<\/span>\n\t<\/div>\n<\/div>\n\t<\/div>\n<\/div>\n\t\t\t\t<\/div>\n\t\t\t\t<\/div>\n\t\t\t\t\t<\/div>\n\t\t\t\t<\/div>\n\t\t<div class=\"elementor-element elementor-element-36434cf e-flex e-con-boxed parallax_section_no qode_elementor_container_no e-con e-parent\" data-id=\"36434cf\" data-element_type=\"container\">\n\t\t\t\t\t<div class=\"e-con-inner\">\n\t\t\t\t<div class=\"elementor-element elementor-element-18da464 elementor-widget elementor-widget-text-editor\" data-id=\"18da464\" data-element_type=\"widget\" data-widget_type=\"text-editor.default\">\n\t\t\t\t<div class=\"elementor-widget-container\">\n\t\t\t\t\t\t\t\t\tJoya luminosa, s\u00edmbolo de pureza y romance\t\t\t\t\t\t\t\t<\/div>\n\t\t\t\t<\/div>\n\t\t\t\t<div class=\"elementor-element elementor-element-46b627f e-n-tabs-mobile elementor-widget elementor-widget-n-tabs\" data-id=\"46b627f\" data-element_type=\"widget\" data-widget_type=\"nested-tabs.default\">\n\t\t\t\t<div class=\"elementor-widget-container\">\n\t\t\t\t\t\t\t<div class=\"e-n-tabs\" data-widget-number=\"74146431\" aria-label=\"Pesta\u00f1as. Abre elementos con Intro o Espacio, ci\u00e9rralos con Escape y navega con las fechas.\">\n\t\t\t<div class=\"e-n-tabs-heading\" role=\"tablist\">\n\t\t\t\t\t<button id=\"e-n-tab-title-741464311\" class=\"e-n-tab-title\" aria-selected=\"true\" data-tab-index=\"1\" role=\"tab\" tabindex=\"0\" aria-controls=\"e-n-tab-content-741464311\" style=\"--n-tabs-title-order: 1;\">\n\t\t\t\t\t<span class=\"e-n-tab-icon\">\n\t\t\t<svg aria-hidden=\"true\" class=\"e-font-icon-svg e-fas-align-left\" viewBox=\"0 0 448 512\" xmlns=\"http:\/\/www.w3.org\/2000\/svg\"><path d=\"M12.83 352h262.34A12.82 12.82 0 0 0 288 339.17v-38.34A12.82 12.82 0 0 0 275.17 288H12.83A12.82 12.82 0 0 0 0 300.83v38.34A12.82 12.82 0 0 0 12.83 352zm0-256h262.34A12.82 12.82 0 0 0 288 83.17V44.83A12.82 12.82 0 0 0 275.17 32H12.83A12.82 12.82 0 0 0 0 44.83v38.34A12.82 12.82 0 0 0 12.83 96zM432 160H16a16 16 0 0 0-16 16v32a16 16 0 0 0 16 16h416a16 16 0 0 0 16-16v-32a16 16 0 0 0-16-16zm0 256H16a16 16 0 0 0-16 16v32a16 16 0 0 0 16 16h416a16 16 0 0 0 16-16v-32a16 16 0 0 0-16-16z\"><\/path><\/svg>\t\t\t<svg aria-hidden=\"true\" class=\"e-font-icon-svg e-fas-align-left\" viewBox=\"0 0 448 512\" xmlns=\"http:\/\/www.w3.org\/2000\/svg\"><path d=\"M12.83 352h262.34A12.82 12.82 0 0 0 288 339.17v-38.34A12.82 12.82 0 0 0 275.17 288H12.83A12.82 12.82 0 0 0 0 300.83v38.34A12.82 12.82 0 0 0 12.83 352zm0-256h262.34A12.82 12.82 0 0 0 288 83.17V44.83A12.82 12.82 0 0 0 275.17 32H12.83A12.82 12.82 0 0 0 0 44.83v38.34A12.82 12.82 0 0 0 12.83 96zM432 160H16a16 16 0 0 0-16 16v32a16 16 0 0 0 16 16h416a16 16 0 0 0 16-16v-32a16 16 0 0 0-16-16zm0 256H16a16 16 0 0 0-16 16v32a16 16 0 0 0 16 16h416a16 16 0 0 0 16-16v-32a16 16 0 0 0-16-16z\"><\/path><\/svg>\t\t<\/span>\n\t\t\t\t\t<span class=\"e-n-tab-title-text\">\n\t\t\t\t\t\t\t<\/span>\n\t\t<\/button>\n\t\t\t\t\t<\/div>\n\t\t\t<div class=\"e-n-tabs-content\">\n\t\t\t\t<div id=\"e-n-tab-content-741464311\" role=\"tabpanel\" aria-labelledby=\"e-n-tab-title-741464311\" data-tab-index=\"1\" style=\"--n-tabs-title-order: 1;\" class=\"e-active elementor-element elementor-element-89ed4b1 e-con-full e-flex parallax_section_no qode_elementor_container_no e-con e-child\" data-id=\"89ed4b1\" data-element_type=\"container\">\n\t\t\t\t<div class=\"elementor-element elementor-element-4391397 elementor-widget elementor-widget-text-editor\" data-id=\"4391397\" data-element_type=\"widget\" data-widget_type=\"text-editor.default\">\n\t\t\t\t<div class=\"elementor-widget-container\">\n\t\t\t\t\t\t\t\t\tl dise\u00f1o de \u201cArena Collections\u201d captura plenamente la esencia y majestuosidad de la Arena de Verona. Joyas que evocan la fuerza y \u200b\u200bmagnificencia del antiguo anfiteatro, con formas curvas y intrincados detalles que recuerdan sus caracter\u00edsticos arcos y columnas. Los materiales y la artesan\u00eda de alta calidad dan vida a creaciones que transmiten elegancia e historia.\t\t\t\t\t\t\t\t<\/div>\n\t\t\t\t<\/div>\n\t\t\t\t<\/div>\n\t\t\t\t\t<\/div>\n\t\t<\/div>\n\t\t\t\t\t\t<\/div>\n\t\t\t\t<\/div>\n\t\t\t\t\t<\/div>\n\t\t\t\t<\/div>\n\t\t<div class=\"elementor-element elementor-element-c4b9d04 e-flex e-con-boxed parallax_section_no qode_elementor_container_no e-con e-parent\" data-id=\"c4b9d04\" data-element_type=\"container\">\n\t\t\t\t\t<div class=\"e-con-inner\">\n\t\t<div class=\"elementor-element elementor-element-cc2048c e-con-full e-flex parallax_section_no qode_elementor_container_no e-con e-child\" data-id=\"cc2048c\" data-element_type=\"container\">\n\t\t\t\t<div class=\"elementor-element elementor-element-5000d96 elementor-widget elementor-widget-image\" data-id=\"5000d96\" data-element_type=\"widget\" data-widget_type=\"image.default\">\n\t\t\t\t<div class=\"elementor-widget-container\">\n\t\t\t\t\t\t\t\t\t\t\t\t\t\t\t\t<a href=\"https:\/\/savoiaitaly.com\/dw25\/wp-content\/uploads\/2025\/04\/savoia-italy-luxury-italian-jewelry-arena-models-69.webp\" data-elementor-open-lightbox=\"yes\" data-elementor-lightbox-title=\"Savoia Italy luxury Italian jewelry Arena\" data-e-action-hash=\"#elementor-action%3Aaction%3Dlightbox%26settings%3DeyJpZCI6Mjg5NywidXJsIjoiaHR0cHM6XC9cL3Nhdm9pYWl0YWx5LmNvbVwvZHcyNVwvd3AtY29udGVudFwvdXBsb2Fkc1wvMjAyNVwvMDRcL3Nhdm9pYS1pdGFseS1sdXh1cnktaXRhbGlhbi1qZXdlbHJ5LWFyZW5hLW1vZGVscy02OS53ZWJwIn0%3D\">\n\t\t\t\t\t\t\t<img decoding=\"async\" width=\"2400\" height=\"1600\" src=\"https:\/\/savoiaitaly.com\/dw25\/wp-content\/uploads\/2025\/04\/savoia-italy-luxury-italian-jewelry-arena-models-69.webp\" class=\"attachment-full size-full wp-image-2897\" alt=\"Savoia Italy luxury Italian jewelry Arena\" srcset=\"https:\/\/savoiaitaly.com\/dw25\/wp-content\/uploads\/2025\/04\/savoia-italy-luxury-italian-jewelry-arena-models-69.webp 2400w, https:\/\/savoiaitaly.com\/dw25\/wp-content\/uploads\/2025\/04\/savoia-italy-luxury-italian-jewelry-arena-models-69-300x200.webp 300w, https:\/\/savoiaitaly.com\/dw25\/wp-content\/uploads\/2025\/04\/savoia-italy-luxury-italian-jewelry-arena-models-69-1024x683.webp 1024w, https:\/\/savoiaitaly.com\/dw25\/wp-content\/uploads\/2025\/04\/savoia-italy-luxury-italian-jewelry-arena-models-69-768x512.webp 768w, https:\/\/savoiaitaly.com\/dw25\/wp-content\/uploads\/2025\/04\/savoia-italy-luxury-italian-jewelry-arena-models-69-1536x1024.webp 1536w, https:\/\/savoiaitaly.com\/dw25\/wp-content\/uploads\/2025\/04\/savoia-italy-luxury-italian-jewelry-arena-models-69-2048x1365.webp 2048w, https:\/\/savoiaitaly.com\/dw25\/wp-content\/uploads\/2025\/04\/savoia-italy-luxury-italian-jewelry-arena-models-69-700x467.webp 700w\" sizes=\"(max-width: 2400px) 100vw, 2400px\" \/>\t\t\t\t\t\t\t\t<\/a>\n\t\t\t\t\t\t\t\t\t\t\t\t\t\t\t<\/div>\n\t\t\t\t<\/div>\n\t\t\t\t<\/div>\n\t\t<div class=\"elementor-element elementor-element-e557ab3 e-con-full e-flex parallax_section_no qode_elementor_container_no e-con e-child\" data-id=\"e557ab3\" data-element_type=\"container\">\n\t\t\t\t<div class=\"elementor-element elementor-element-4932465 elementor-widget elementor-widget-image\" data-id=\"4932465\" data-element_type=\"widget\" data-widget_type=\"image.default\">\n\t\t\t\t<div class=\"elementor-widget-container\">\n\t\t\t\t\t\t\t\t\t\t\t\t\t\t\t\t<a href=\"https:\/\/savoiaitaly.com\/dw25\/wp-content\/uploads\/2025\/04\/savoia-italy-luxury-italian-jewelry-arena-models-69_z.webp\" data-elementor-open-lightbox=\"yes\" data-elementor-lightbox-title=\"Savoia Italy luxury Italian jewelry Arena\" data-e-action-hash=\"#elementor-action%3Aaction%3Dlightbox%26settings%3DeyJpZCI6MjkwMCwidXJsIjoiaHR0cHM6XC9cL3Nhdm9pYWl0YWx5LmNvbVwvZHcyNVwvd3AtY29udGVudFwvdXBsb2Fkc1wvMjAyNVwvMDRcL3Nhdm9pYS1pdGFseS1sdXh1cnktaXRhbGlhbi1qZXdlbHJ5LWFyZW5hLW1vZGVscy02OV96LndlYnAifQ%3D%3D\">\n\t\t\t\t\t\t\t<img loading=\"lazy\" decoding=\"async\" width=\"2143\" height=\"1429\" src=\"https:\/\/savoiaitaly.com\/dw25\/wp-content\/uploads\/2025\/04\/savoia-italy-luxury-italian-jewelry-arena-models-69_z.webp\" class=\"attachment-full size-full wp-image-2900\" alt=\"Savoia Italy luxury Italian jewelry Arena\" srcset=\"https:\/\/savoiaitaly.com\/dw25\/wp-content\/uploads\/2025\/04\/savoia-italy-luxury-italian-jewelry-arena-models-69_z.webp 2143w, https:\/\/savoiaitaly.com\/dw25\/wp-content\/uploads\/2025\/04\/savoia-italy-luxury-italian-jewelry-arena-models-69_z-300x200.webp 300w, https:\/\/savoiaitaly.com\/dw25\/wp-content\/uploads\/2025\/04\/savoia-italy-luxury-italian-jewelry-arena-models-69_z-1024x683.webp 1024w, https:\/\/savoiaitaly.com\/dw25\/wp-content\/uploads\/2025\/04\/savoia-italy-luxury-italian-jewelry-arena-models-69_z-768x512.webp 768w, https:\/\/savoiaitaly.com\/dw25\/wp-content\/uploads\/2025\/04\/savoia-italy-luxury-italian-jewelry-arena-models-69_z-1536x1024.webp 1536w, https:\/\/savoiaitaly.com\/dw25\/wp-content\/uploads\/2025\/04\/savoia-italy-luxury-italian-jewelry-arena-models-69_z-2048x1366.webp 2048w, https:\/\/savoiaitaly.com\/dw25\/wp-content\/uploads\/2025\/04\/savoia-italy-luxury-italian-jewelry-arena-models-69_z-700x467.webp 700w\" sizes=\"(max-width: 2143px) 100vw, 2143px\" \/>\t\t\t\t\t\t\t\t<\/a>\n\t\t\t\t\t\t\t\t\t\t\t\t\t\t\t<\/div>\n\t\t\t\t<\/div>\n\t\t\t\t<\/div>\n\t\t\t\t\t<\/div>\n\t\t\t\t<\/div>\n\t\t<div class=\"elementor-element elementor-element-2e012d6 e-con-full e-flex parallax_section_no qode_elementor_container_no e-con e-parent\" data-id=\"2e012d6\" data-element_type=\"container\">\n\t\t\t\t<div class=\"elementor-element elementor-element-647b698 elementor-widget elementor-widget-template\" data-id=\"647b698\" data-element_type=\"widget\" data-widget_type=\"template.default\">\n\t\t\t\t<div class=\"elementor-widget-container\">\n\t\t\t\t\t\t\t<div class=\"elementor-template\">\n\t\t\t\t\t<div data-elementor-type=\"container\" data-elementor-id=\"565\" class=\"elementor elementor-565 elementor-559\" data-elementor-post-type=\"elementor_library\">\n\t\t\t\t<div class=\"elementor-element elementor-element-44b91832 e-con-full e-flex parallax_section_no qode_elementor_container_no e-con e-parent\" data-id=\"44b91832\" data-element_type=\"container\">\n\t\t<div class=\"elementor-element elementor-element-129210ba e-con-full e-flex parallax_section_no qode_elementor_container_no e-con e-child\" data-id=\"129210ba\" data-element_type=\"container\">\n\t\t\t\t<div class=\"elementor-element elementor-element-7c8e34ee elementor-widget elementor-widget-bridge_custom_font\" data-id=\"7c8e34ee\" data-element_type=\"widget\" data-widget_type=\"bridge_custom_font.default\">\n\t\t\t\t<div class=\"elementor-widget-container\">\n\t\t\t\t\t<div class=\"custom_font_holder \" style=\"font-family: Be Vietnam Pro; font-style: normal; font-weight: 200; color: #75797B; text-decoration: none; padding: 0; margin: 0; text-align: left; --qode-cf-font-size: 20px; --qode-cf-line-height: 20px; --qode-cf-font-size-1440: 20px; --qode-cf-line-height-1440: 20px; --qode-cf-font-size-1366: 20px; --qode-cf-line-height-1366: 20px; --qode-cf-font-size-1280: 20px; --qode-cf-line-height-1280: 20px; --qode-cf-font-size-1024: 20px; --qode-cf-line-height-1024: 20px; --qode-cf-font-size-768: 20px; --qode-cf-line-height-768: 20px; --qode-cf-font-size-680: 20px; --qode-cf-line-height-680: 20px; --qode-cf-font-size-480: 20px; --qode-cf-line-height-480: 20px;\">store locator<\/div>\t\t\t\t<\/div>\n\t\t\t\t<\/div>\n\t\t\t\t<div class=\"elementor-element elementor-element-76cf4cb3 elementor-widget elementor-widget-heading\" data-id=\"76cf4cb3\" data-element_type=\"widget\" data-widget_type=\"heading.default\">\n\t\t\t\t<div class=\"elementor-widget-container\">\n\t\t\t\t\t<h3 class=\"elementor-heading-title elementor-size-default\">descubre d\u00f3nde puedes encontrar joyas de Savoia Italy cerca de ti<\/h3>\t\t\t\t<\/div>\n\t\t\t\t<\/div>\n\t\t\t\t<div class=\"elementor-element elementor-element-7b273ce5 elementor-widget elementor-widget-button\" data-id=\"7b273ce5\" data-element_type=\"widget\" data-widget_type=\"button.default\">\n\t\t\t\t<div class=\"elementor-widget-container\">\n\t\t\t\t\t\t\t\t\t<div class=\"elementor-button-wrapper\">\n\t\t\t\t\t<a class=\"elementor-button elementor-button-link elementor-size-sm\" href=\"https:\/\/savoiaitaly.com\/es\/contactenos\/store-locator\/\">\n\t\t\t\t\t\t<span class=\"elementor-button-content-wrapper\">\n\t\t\t\t\t\t\t\t\t<span class=\"elementor-button-text\">ir al store locator<\/span>\n\t\t\t\t\t<\/span>\n\t\t\t\t\t<\/a>\n\t\t\t\t<\/div>\n\t\t\t\t\t\t\t\t<\/div>\n\t\t\t\t<\/div>\n\t\t\t\t<\/div>\n\t\t<div class=\"elementor-element elementor-element-1f3a665b e-con-full e-flex parallax_section_no qode_elementor_container_no e-con e-child\" data-id=\"1f3a665b\" data-element_type=\"container\">\n\t\t\t\t<div class=\"elementor-element elementor-element-fe7a532 elementor-widget elementor-widget-image\" data-id=\"fe7a532\" data-element_type=\"widget\" data-widget_type=\"image.default\">\n\t\t\t\t<div class=\"elementor-widget-container\">\n\t\t\t\t\t\t\t\t\t\t\t\t\t\t\t<img loading=\"lazy\" decoding=\"async\" width=\"1409\" height=\"1409\" src=\"https:\/\/savoiaitaly.com\/dw25\/wp-content\/uploads\/2025\/04\/LAVORAZIONE.webp\" class=\"attachment-full size-full wp-image-2734\" alt=\"\" srcset=\"https:\/\/savoiaitaly.com\/dw25\/wp-content\/uploads\/2025\/04\/LAVORAZIONE.webp 1409w, https:\/\/savoiaitaly.com\/dw25\/wp-content\/uploads\/2025\/04\/LAVORAZIONE-300x300.webp 300w, https:\/\/savoiaitaly.com\/dw25\/wp-content\/uploads\/2025\/04\/LAVORAZIONE-1024x1024.webp 1024w, https:\/\/savoiaitaly.com\/dw25\/wp-content\/uploads\/2025\/04\/LAVORAZIONE-150x150.webp 150w, https:\/\/savoiaitaly.com\/dw25\/wp-content\/uploads\/2025\/04\/LAVORAZIONE-768x768.webp 768w, https:\/\/savoiaitaly.com\/dw25\/wp-content\/uploads\/2025\/04\/LAVORAZIONE-570x570.webp 570w, https:\/\/savoiaitaly.com\/dw25\/wp-content\/uploads\/2025\/04\/LAVORAZIONE-500x500.webp 500w, https:\/\/savoiaitaly.com\/dw25\/wp-content\/uploads\/2025\/04\/LAVORAZIONE-1000x1000.webp 1000w, https:\/\/savoiaitaly.com\/dw25\/wp-content\/uploads\/2025\/04\/LAVORAZIONE-700x700.webp 700w, https:\/\/savoiaitaly.com\/dw25\/wp-content\/uploads\/2025\/04\/LAVORAZIONE-650x650.webp 650w, https:\/\/savoiaitaly.com\/dw25\/wp-content\/uploads\/2025\/04\/LAVORAZIONE-1300x1300.webp 1300w\" sizes=\"(max-width: 1409px) 100vw, 1409px\" \/>\t\t\t\t\t\t\t\t\t\t\t\t\t\t\t<\/div>\n\t\t\t\t<\/div>\n\t\t\t\t<\/div>\n\t\t\t\t<\/div>\n\t\t\t\t<\/div>\n\t\t\t\t<\/div>\n\t\t\t\t\t\t<\/div>\n\t\t\t\t<\/div>\n\t\t\t\t<\/div>\n\t\t\t\t<\/div>\n\t\t","protected":false},"excerpt":{"rendered":"<p>Gilda colgante de arriba Oro blanco de 18 kt Joya luminosa, s\u00edmbolo de pureza y romance l dise\u00f1o de \u201cArena Collections\u201d captura plenamente la esencia y majestuosidad de la Arena de Verona. Joyas que evocan la fuerza y \u200b\u200bmagnificencia del antiguo anfiteatro, con formas curvas y intrincados detalles que recuerdan sus caracter\u00edsticos arcos y columnas. Los materiales y la artesan\u00eda de alta calidad dan vida a creaciones que transmiten elegancia e historia. l dise\u00f1o de \u201cArena Collections\u201d captura plenamente la esencia y majestuosidad de la Arena de Verona. Joyas que evocan la fuerza y \u200b\u200bmagnificencia del antiguo anfiteatro, con formas&#8230;<\/p>\n","protected":false},"author":1,"featured_media":0,"parent":1509,"menu_order":0,"comment_status":"closed","ping_status":"closed","template":"full_width.php","meta":{"footnotes":""},"class_list":["post-1800","page","type-page","status-publish","hentry"],"_links":{"self":[{"href":"https:\/\/savoiaitaly.com\/es\/wp-json\/wp\/v2\/pages\/1800","targetHints":{"allow":["GET"]}}],"collection":[{"href":"https:\/\/savoiaitaly.com\/es\/wp-json\/wp\/v2\/pages"}],"about":[{"href":"https:\/\/savoiaitaly.com\/es\/wp-json\/wp\/v2\/types\/page"}],"author":[{"embeddable":true,"href":"https:\/\/savoiaitaly.com\/es\/wp-json\/wp\/v2\/users\/1"}],"replies":[{"embeddable":true,"href":"https:\/\/savoiaitaly.com\/es\/wp-json\/wp\/v2\/comments?post=1800"}],"version-history":[{"count":13,"href":"https:\/\/savoiaitaly.com\/es\/wp-json\/wp\/v2\/pages\/1800\/revisions"}],"predecessor-version":[{"id":2924,"href":"https:\/\/savoiaitaly.com\/es\/wp-json\/wp\/v2\/pages\/1800\/revisions\/2924"}],"up":[{"embeddable":true,"href":"https:\/\/savoiaitaly.com\/es\/wp-json\/wp\/v2\/pages\/1509"}],"wp:attachment":[{"href":"https:\/\/savoiaitaly.com\/es\/wp-json\/wp\/v2\/media?parent=1800"}],"curies":[{"name":"wp","href":"https:\/\/api.w.org\/{rel}","templated":true}]}}