{"id":175,"date":"2025-01-18T09:54:59","date_gmt":"2025-01-18T08:54:59","guid":{"rendered":"https:\/\/savoiaitaly.com\/dw25\/?page_id=175"},"modified":"2025-03-04T16:09:19","modified_gmt":"2025-03-04T15:09:19","slug":"colecciones","status":"publish","type":"page","link":"https:\/\/savoiaitaly.com\/es\/colecciones\/","title":{"rendered":"Colecci\u00f3nes"},"content":{"rendered":"\t\t<div data-elementor-type=\"wp-page\" data-elementor-id=\"175\" class=\"elementor elementor-175 elementor-119\" data-elementor-post-type=\"page\">\n\t\t\t\t<div class=\"elementor-element elementor-element-8d9f883 e-flex e-con-boxed parallax_section_no qode_elementor_container_no e-con e-parent\" data-id=\"8d9f883\" data-element_type=\"container\">\n\t\t\t\t\t<div class=\"e-con-inner\">\n\t\t\t\t<div class=\"elementor-element elementor-element-2895687 elementor-widget elementor-widget-bridge_custom_font\" data-id=\"2895687\" data-element_type=\"widget\" data-widget_type=\"bridge_custom_font.default\">\n\t\t\t\t<div class=\"elementor-widget-container\">\n\t\t\t\t\t<div class=\"custom_font_holder \" style=\" font-style: normal; font-weight: 500; color: #E5E5E5; text-decoration: none; padding: 0; margin: 0; text-align: left; --qode-cf-font-size: 140px; --qode-cf-line-height: 140px; --qode-cf-font-size-1440: 140px; --qode-cf-line-height-1440: 140px; --qode-cf-font-size-1366: 140px; --qode-cf-line-height-1366: 140px; --qode-cf-font-size-1280: 140px; --qode-cf-line-height-1280: 140px; --qode-cf-font-size-1024: 140px; --qode-cf-line-height-1024: 140px; --qode-cf-font-size-768: 100px; --qode-cf-line-height-768: 140px; --qode-cf-font-size-680: 60px; --qode-cf-line-height-680: 140px; --qode-cf-font-size-480: 40px; --qode-cf-line-height-480: 100px;\">COLECCI\u00d3NES<\/div>\t\t\t\t<\/div>\n\t\t\t\t<\/div>\n\t\t\t\t\t<\/div>\n\t\t\t\t<\/div>\n\t\t<div class=\"elementor-element elementor-element-cee7388 e-con-full e-flex parallax_section_no qode_elementor_container_no e-con e-parent\" data-id=\"cee7388\" data-element_type=\"container\" data-settings=\"{&quot;background_background&quot;:&quot;classic&quot;}\">\n\t\t\t\t<div class=\"elementor-element elementor-element-2f9cd01 elementor-hidden-mobile elementor-widget elementor-widget-image\" data-id=\"2f9cd01\" data-element_type=\"widget\" data-widget_type=\"image.default\">\n\t\t\t\t<div class=\"elementor-widget-container\">\n\t\t\t\t\t\t\t\t\t\t\t\t\t\t\t<img fetchpriority=\"high\" decoding=\"async\" width=\"2400\" height=\"812\" src=\"https:\/\/savoiaitaly.com\/dw25\/wp-content\/uploads\/2025\/02\/savoia-luxury-italian-jewelry-arena-collection_02.webp\" class=\"attachment-full size-full wp-image-1914\" alt=\"Arena es una colecci\u00f3n Savoia luxury Italian jewelry\" srcset=\"https:\/\/savoiaitaly.com\/dw25\/wp-content\/uploads\/2025\/02\/savoia-luxury-italian-jewelry-arena-collection_02.webp 2400w, https:\/\/savoiaitaly.com\/dw25\/wp-content\/uploads\/2025\/02\/savoia-luxury-italian-jewelry-arena-collection_02-300x102.webp 300w, https:\/\/savoiaitaly.com\/dw25\/wp-content\/uploads\/2025\/02\/savoia-luxury-italian-jewelry-arena-collection_02-1024x346.webp 1024w, https:\/\/savoiaitaly.com\/dw25\/wp-content\/uploads\/2025\/02\/savoia-luxury-italian-jewelry-arena-collection_02-768x260.webp 768w, https:\/\/savoiaitaly.com\/dw25\/wp-content\/uploads\/2025\/02\/savoia-luxury-italian-jewelry-arena-collection_02-1536x520.webp 1536w, https:\/\/savoiaitaly.com\/dw25\/wp-content\/uploads\/2025\/02\/savoia-luxury-italian-jewelry-arena-collection_02-2048x693.webp 2048w, https:\/\/savoiaitaly.com\/dw25\/wp-content\/uploads\/2025\/02\/savoia-luxury-italian-jewelry-arena-collection_02-700x237.webp 700w\" sizes=\"(max-width: 2400px) 100vw, 2400px\" \/>\t\t\t\t\t\t\t\t\t\t\t\t\t\t\t<\/div>\n\t\t\t\t<\/div>\n\t\t\t\t<div class=\"elementor-element elementor-element-1bbe92a elementor-hidden-desktop elementor-hidden-tablet elementor-widget elementor-widget-image\" data-id=\"1bbe92a\" data-element_type=\"widget\" data-widget_type=\"image.default\">\n\t\t\t\t<div class=\"elementor-widget-container\">\n\t\t\t\t\t\t\t\t\t\t\t\t\t\t\t<img decoding=\"async\" width=\"800\" height=\"800\" src=\"https:\/\/savoiaitaly.com\/dw25\/wp-content\/uploads\/2025\/02\/savoia-luxury-italian-jewelry-arena-collection_sq_02.webp\" class=\"attachment-full size-full wp-image-1923\" alt=\"Arena es una colecci\u00f3n Savoia luxury Italian jewelry\" srcset=\"https:\/\/savoiaitaly.com\/dw25\/wp-content\/uploads\/2025\/02\/savoia-luxury-italian-jewelry-arena-collection_sq_02.webp 800w, https:\/\/savoiaitaly.com\/dw25\/wp-content\/uploads\/2025\/02\/savoia-luxury-italian-jewelry-arena-collection_sq_02-300x300.webp 300w, https:\/\/savoiaitaly.com\/dw25\/wp-content\/uploads\/2025\/02\/savoia-luxury-italian-jewelry-arena-collection_sq_02-150x150.webp 150w, https:\/\/savoiaitaly.com\/dw25\/wp-content\/uploads\/2025\/02\/savoia-luxury-italian-jewelry-arena-collection_sq_02-768x768.webp 768w, https:\/\/savoiaitaly.com\/dw25\/wp-content\/uploads\/2025\/02\/savoia-luxury-italian-jewelry-arena-collection_sq_02-570x570.webp 570w, https:\/\/savoiaitaly.com\/dw25\/wp-content\/uploads\/2025\/02\/savoia-luxury-italian-jewelry-arena-collection_sq_02-500x500.webp 500w, https:\/\/savoiaitaly.com\/dw25\/wp-content\/uploads\/2025\/02\/savoia-luxury-italian-jewelry-arena-collection_sq_02-700x700.webp 700w, https:\/\/savoiaitaly.com\/dw25\/wp-content\/uploads\/2025\/02\/savoia-luxury-italian-jewelry-arena-collection_sq_02-650x650.webp 650w\" sizes=\"(max-width: 800px) 100vw, 800px\" \/>\t\t\t\t\t\t\t\t\t\t\t\t\t\t\t<\/div>\n\t\t\t\t<\/div>\n\t\t<div class=\"elementor-element elementor-element-e69d809 e-flex e-con-boxed parallax_section_no qode_elementor_container_no e-con e-child\" data-id=\"e69d809\" data-element_type=\"container\">\n\t\t\t\t\t<div class=\"e-con-inner\">\n\t\t\t\t<div class=\"elementor-element elementor-element-9e4698c elementor-widget elementor-widget-text-editor\" data-id=\"9e4698c\" data-element_type=\"widget\" data-widget_type=\"text-editor.default\">\n\t\t\t\t<div class=\"elementor-widget-container\">\n\t\t\t\t\t\t\t\t\tCreaciones que evocan la majestuosidad de la Arena de Verona, con curvas arquitect\u00f3nicas, resortes de titanio y cadenas de oro para un dise\u00f1o el\u00e1stico y sofisticado.\t\t\t\t\t\t\t\t<\/div>\n\t\t\t\t<\/div>\n\t\t\t\t<div class=\"elementor-element elementor-element-ea31deb elementor-align-center elementor-widget elementor-widget-button\" data-id=\"ea31deb\" data-element_type=\"widget\" data-widget_type=\"button.default\">\n\t\t\t\t<div class=\"elementor-widget-container\">\n\t\t\t\t\t\t\t\t\t<div class=\"elementor-button-wrapper\">\n\t\t\t\t\t<a class=\"elementor-button elementor-button-link elementor-size-sm\" href=\"https:\/\/savoiaitaly.com\/es\/colecciones\/arena\/\">\n\t\t\t\t\t\t<span class=\"elementor-button-content-wrapper\">\n\t\t\t\t\t\t\t\t\t<span class=\"elementor-button-text\">DESCUBRE LA COLECCI\u00d3N ARENA<\/span>\n\t\t\t\t\t<\/span>\n\t\t\t\t\t<\/a>\n\t\t\t\t<\/div>\n\t\t\t\t\t\t\t\t<\/div>\n\t\t\t\t<\/div>\n\t\t\t\t<div class=\"elementor-element elementor-element-948e2de ombra elementor-widget elementor-widget-spacer\" data-id=\"948e2de\" data-element_type=\"widget\" data-widget_type=\"spacer.default\">\n\t\t\t\t<div class=\"elementor-widget-container\">\n\t\t\t\t\t\t\t<div class=\"elementor-spacer\">\n\t\t\t<div class=\"elementor-spacer-inner\"><\/div>\n\t\t<\/div>\n\t\t\t\t\t\t<\/div>\n\t\t\t\t<\/div>\n\t\t\t\t\t<\/div>\n\t\t\t\t<\/div>\n\t\t\t\t<\/div>\n\t\t<div class=\"elementor-element elementor-element-0af407e e-con-full e-flex parallax_section_no qode_elementor_container_no e-con e-parent\" data-id=\"0af407e\" data-element_type=\"container\" data-settings=\"{&quot;background_background&quot;:&quot;classic&quot;}\">\n\t\t\t\t<div class=\"elementor-element elementor-element-7eb0387 elementor-hidden-mobile elementor-widget elementor-widget-image\" data-id=\"7eb0387\" data-element_type=\"widget\" data-widget_type=\"image.default\">\n\t\t\t\t<div class=\"elementor-widget-container\">\n\t\t\t\t\t\t\t\t\t\t\t\t\t\t\t<img decoding=\"async\" width=\"2400\" height=\"812\" src=\"https:\/\/savoiaitaly.com\/dw25\/wp-content\/uploads\/2025\/02\/savoia-luxury-italian-jewelry-onda-collection_02.webp\" class=\"attachment-full size-full wp-image-1926\" alt=\"Onda es una colecci\u00f3n Savoia luxury Italian jewelry\" srcset=\"https:\/\/savoiaitaly.com\/dw25\/wp-content\/uploads\/2025\/02\/savoia-luxury-italian-jewelry-onda-collection_02.webp 2400w, https:\/\/savoiaitaly.com\/dw25\/wp-content\/uploads\/2025\/02\/savoia-luxury-italian-jewelry-onda-collection_02-300x102.webp 300w, https:\/\/savoiaitaly.com\/dw25\/wp-content\/uploads\/2025\/02\/savoia-luxury-italian-jewelry-onda-collection_02-1024x346.webp 1024w, https:\/\/savoiaitaly.com\/dw25\/wp-content\/uploads\/2025\/02\/savoia-luxury-italian-jewelry-onda-collection_02-768x260.webp 768w, https:\/\/savoiaitaly.com\/dw25\/wp-content\/uploads\/2025\/02\/savoia-luxury-italian-jewelry-onda-collection_02-1536x520.webp 1536w, https:\/\/savoiaitaly.com\/dw25\/wp-content\/uploads\/2025\/02\/savoia-luxury-italian-jewelry-onda-collection_02-2048x693.webp 2048w, https:\/\/savoiaitaly.com\/dw25\/wp-content\/uploads\/2025\/02\/savoia-luxury-italian-jewelry-onda-collection_02-700x237.webp 700w\" sizes=\"(max-width: 2400px) 100vw, 2400px\" \/>\t\t\t\t\t\t\t\t\t\t\t\t\t\t\t<\/div>\n\t\t\t\t<\/div>\n\t\t\t\t<div class=\"elementor-element elementor-element-807b7b3 elementor-hidden-desktop elementor-hidden-tablet elementor-widget elementor-widget-image\" data-id=\"807b7b3\" data-element_type=\"widget\" data-widget_type=\"image.default\">\n\t\t\t\t<div class=\"elementor-widget-container\">\n\t\t\t\t\t\t\t\t\t\t\t\t\t\t\t<img loading=\"lazy\" decoding=\"async\" width=\"800\" height=\"800\" src=\"https:\/\/savoiaitaly.com\/dw25\/wp-content\/uploads\/2025\/02\/savoia-luxury-italian-jewelry-onda-collection_sq_02.webp\" class=\"attachment-full size-full wp-image-1935\" alt=\"Onda es una colecci\u00f3n Savoia luxury Italian jewelry\" srcset=\"https:\/\/savoiaitaly.com\/dw25\/wp-content\/uploads\/2025\/02\/savoia-luxury-italian-jewelry-onda-collection_sq_02.webp 800w, https:\/\/savoiaitaly.com\/dw25\/wp-content\/uploads\/2025\/02\/savoia-luxury-italian-jewelry-onda-collection_sq_02-300x300.webp 300w, https:\/\/savoiaitaly.com\/dw25\/wp-content\/uploads\/2025\/02\/savoia-luxury-italian-jewelry-onda-collection_sq_02-150x150.webp 150w, https:\/\/savoiaitaly.com\/dw25\/wp-content\/uploads\/2025\/02\/savoia-luxury-italian-jewelry-onda-collection_sq_02-768x768.webp 768w, https:\/\/savoiaitaly.com\/dw25\/wp-content\/uploads\/2025\/02\/savoia-luxury-italian-jewelry-onda-collection_sq_02-570x570.webp 570w, https:\/\/savoiaitaly.com\/dw25\/wp-content\/uploads\/2025\/02\/savoia-luxury-italian-jewelry-onda-collection_sq_02-500x500.webp 500w, https:\/\/savoiaitaly.com\/dw25\/wp-content\/uploads\/2025\/02\/savoia-luxury-italian-jewelry-onda-collection_sq_02-700x700.webp 700w, https:\/\/savoiaitaly.com\/dw25\/wp-content\/uploads\/2025\/02\/savoia-luxury-italian-jewelry-onda-collection_sq_02-650x650.webp 650w\" sizes=\"(max-width: 800px) 100vw, 800px\" \/>\t\t\t\t\t\t\t\t\t\t\t\t\t\t\t<\/div>\n\t\t\t\t<\/div>\n\t\t<div class=\"elementor-element elementor-element-c4c7e6d e-flex e-con-boxed parallax_section_no qode_elementor_container_no e-con e-child\" data-id=\"c4c7e6d\" data-element_type=\"container\">\n\t\t\t\t\t<div class=\"e-con-inner\">\n\t\t\t\t<div class=\"elementor-element elementor-element-22f4b3a elementor-widget elementor-widget-text-editor\" data-id=\"22f4b3a\" data-element_type=\"widget\" data-widget_type=\"text-editor.default\">\n\t\t\t\t<div class=\"elementor-widget-container\">\n\t\t\t\t\t\t\t\t\tDise\u00f1os sinuosos que recuerdan las olas del mar, combinando est\u00e9tica fluida y tecnolog\u00eda avanzada con resortes de titanio y cadenas el\u00e1sticas de oro.\t\t\t\t\t\t\t\t<\/div>\n\t\t\t\t<\/div>\n\t\t\t\t<div class=\"elementor-element elementor-element-bc43eff elementor-align-center elementor-widget elementor-widget-button\" data-id=\"bc43eff\" data-element_type=\"widget\" data-widget_type=\"button.default\">\n\t\t\t\t<div class=\"elementor-widget-container\">\n\t\t\t\t\t\t\t\t\t<div class=\"elementor-button-wrapper\">\n\t\t\t\t\t<a class=\"elementor-button elementor-button-link elementor-size-sm\" href=\"https:\/\/savoiaitaly.com\/es\/colecciones\/onda\/\">\n\t\t\t\t\t\t<span class=\"elementor-button-content-wrapper\">\n\t\t\t\t\t\t\t\t\t<span class=\"elementor-button-text\">DESCUBRE LA COLECCI\u00d3N ONDA<\/span>\n\t\t\t\t\t<\/span>\n\t\t\t\t\t<\/a>\n\t\t\t\t<\/div>\n\t\t\t\t\t\t\t\t<\/div>\n\t\t\t\t<\/div>\n\t\t\t\t<div class=\"elementor-element elementor-element-4cb07d7 ombra elementor-widget elementor-widget-spacer\" data-id=\"4cb07d7\" data-element_type=\"widget\" data-widget_type=\"spacer.default\">\n\t\t\t\t<div class=\"elementor-widget-container\">\n\t\t\t\t\t\t\t<div class=\"elementor-spacer\">\n\t\t\t<div class=\"elementor-spacer-inner\"><\/div>\n\t\t<\/div>\n\t\t\t\t\t\t<\/div>\n\t\t\t\t<\/div>\n\t\t\t\t\t<\/div>\n\t\t\t\t<\/div>\n\t\t\t\t<\/div>\n\t\t<div class=\"elementor-element elementor-element-6b819ac e-con-full e-flex parallax_section_no qode_elementor_container_no e-con e-parent\" data-id=\"6b819ac\" data-element_type=\"container\" data-settings=\"{&quot;background_background&quot;:&quot;classic&quot;}\">\n\t\t\t\t<div class=\"elementor-element elementor-element-a720bf2 elementor-hidden-mobile elementor-widget elementor-widget-image\" data-id=\"a720bf2\" data-element_type=\"widget\" data-widget_type=\"image.default\">\n\t\t\t\t<div class=\"elementor-widget-container\">\n\t\t\t\t\t\t\t\t\t\t\t\t\t\t\t<img loading=\"lazy\" decoding=\"async\" width=\"2400\" height=\"812\" src=\"https:\/\/savoiaitaly.com\/dw25\/wp-content\/uploads\/2025\/02\/savoia-luxury-italian-jewelry-art-deco-collection_02.webp\" class=\"attachment-full size-full wp-image-1938\" alt=\"Art Deco es una colecci\u00f3n Savoia luxury Italian jewelry\" srcset=\"https:\/\/savoiaitaly.com\/dw25\/wp-content\/uploads\/2025\/02\/savoia-luxury-italian-jewelry-art-deco-collection_02.webp 2400w, https:\/\/savoiaitaly.com\/dw25\/wp-content\/uploads\/2025\/02\/savoia-luxury-italian-jewelry-art-deco-collection_02-300x102.webp 300w, https:\/\/savoiaitaly.com\/dw25\/wp-content\/uploads\/2025\/02\/savoia-luxury-italian-jewelry-art-deco-collection_02-1024x346.webp 1024w, https:\/\/savoiaitaly.com\/dw25\/wp-content\/uploads\/2025\/02\/savoia-luxury-italian-jewelry-art-deco-collection_02-768x260.webp 768w, https:\/\/savoiaitaly.com\/dw25\/wp-content\/uploads\/2025\/02\/savoia-luxury-italian-jewelry-art-deco-collection_02-1536x520.webp 1536w, https:\/\/savoiaitaly.com\/dw25\/wp-content\/uploads\/2025\/02\/savoia-luxury-italian-jewelry-art-deco-collection_02-2048x693.webp 2048w, https:\/\/savoiaitaly.com\/dw25\/wp-content\/uploads\/2025\/02\/savoia-luxury-italian-jewelry-art-deco-collection_02-700x237.webp 700w\" sizes=\"(max-width: 2400px) 100vw, 2400px\" \/>\t\t\t\t\t\t\t\t\t\t\t\t\t\t\t<\/div>\n\t\t\t\t<\/div>\n\t\t\t\t<div class=\"elementor-element elementor-element-9be422f elementor-hidden-desktop elementor-hidden-tablet elementor-widget elementor-widget-image\" data-id=\"9be422f\" data-element_type=\"widget\" data-widget_type=\"image.default\">\n\t\t\t\t<div class=\"elementor-widget-container\">\n\t\t\t\t\t\t\t\t\t\t\t\t\t\t\t<img loading=\"lazy\" decoding=\"async\" width=\"800\" height=\"800\" src=\"https:\/\/savoiaitaly.com\/dw25\/wp-content\/uploads\/2025\/02\/savoia-luxury-italian-jewelry-art-deco-collection_sq_02.webp\" class=\"attachment-full size-full wp-image-1947\" alt=\"Art Deco es una colecci\u00f3n Savoia luxury Italian jewelry\" srcset=\"https:\/\/savoiaitaly.com\/dw25\/wp-content\/uploads\/2025\/02\/savoia-luxury-italian-jewelry-art-deco-collection_sq_02.webp 800w, https:\/\/savoiaitaly.com\/dw25\/wp-content\/uploads\/2025\/02\/savoia-luxury-italian-jewelry-art-deco-collection_sq_02-300x300.webp 300w, https:\/\/savoiaitaly.com\/dw25\/wp-content\/uploads\/2025\/02\/savoia-luxury-italian-jewelry-art-deco-collection_sq_02-150x150.webp 150w, https:\/\/savoiaitaly.com\/dw25\/wp-content\/uploads\/2025\/02\/savoia-luxury-italian-jewelry-art-deco-collection_sq_02-768x768.webp 768w, https:\/\/savoiaitaly.com\/dw25\/wp-content\/uploads\/2025\/02\/savoia-luxury-italian-jewelry-art-deco-collection_sq_02-570x570.webp 570w, https:\/\/savoiaitaly.com\/dw25\/wp-content\/uploads\/2025\/02\/savoia-luxury-italian-jewelry-art-deco-collection_sq_02-500x500.webp 500w, https:\/\/savoiaitaly.com\/dw25\/wp-content\/uploads\/2025\/02\/savoia-luxury-italian-jewelry-art-deco-collection_sq_02-700x700.webp 700w, https:\/\/savoiaitaly.com\/dw25\/wp-content\/uploads\/2025\/02\/savoia-luxury-italian-jewelry-art-deco-collection_sq_02-650x650.webp 650w\" sizes=\"(max-width: 800px) 100vw, 800px\" \/>\t\t\t\t\t\t\t\t\t\t\t\t\t\t\t<\/div>\n\t\t\t\t<\/div>\n\t\t<div class=\"elementor-element elementor-element-4920814 e-flex e-con-boxed parallax_section_no qode_elementor_container_no e-con e-child\" data-id=\"4920814\" data-element_type=\"container\">\n\t\t\t\t\t<div class=\"e-con-inner\">\n\t\t\t\t<div class=\"elementor-element elementor-element-2ca4177 elementor-widget elementor-widget-text-editor\" data-id=\"2ca4177\" data-element_type=\"widget\" data-widget_type=\"text-editor.default\">\n\t\t\t\t<div class=\"elementor-widget-container\">\n\t\t\t\t\t\t\t\t\tJoyas elegantes y geom\u00e9tricas inspiradas en el movimiento de los a\u00f1os 20 y 30, con oro blanco, diamantes y detalles coloridos que celebran el glamour y la modernidad.\t\t\t\t\t\t\t\t<\/div>\n\t\t\t\t<\/div>\n\t\t\t\t<div class=\"elementor-element elementor-element-444801a elementor-align-center elementor-widget elementor-widget-button\" data-id=\"444801a\" data-element_type=\"widget\" data-widget_type=\"button.default\">\n\t\t\t\t<div class=\"elementor-widget-container\">\n\t\t\t\t\t\t\t\t\t<div class=\"elementor-button-wrapper\">\n\t\t\t\t\t<a class=\"elementor-button elementor-button-link elementor-size-sm\" href=\"https:\/\/savoiaitaly.com\/es\/colecciones\/art-deco\/\">\n\t\t\t\t\t\t<span class=\"elementor-button-content-wrapper\">\n\t\t\t\t\t\t\t\t\t<span class=\"elementor-button-text\">DESCUBRE LA COLECCI\u00d3N ART DECO<\/span>\n\t\t\t\t\t<\/span>\n\t\t\t\t\t<\/a>\n\t\t\t\t<\/div>\n\t\t\t\t\t\t\t\t<\/div>\n\t\t\t\t<\/div>\n\t\t\t\t<div class=\"elementor-element elementor-element-52cda09 ombra elementor-widget elementor-widget-spacer\" data-id=\"52cda09\" data-element_type=\"widget\" data-widget_type=\"spacer.default\">\n\t\t\t\t<div class=\"elementor-widget-container\">\n\t\t\t\t\t\t\t<div class=\"elementor-spacer\">\n\t\t\t<div class=\"elementor-spacer-inner\"><\/div>\n\t\t<\/div>\n\t\t\t\t\t\t<\/div>\n\t\t\t\t<\/div>\n\t\t\t\t\t<\/div>\n\t\t\t\t<\/div>\n\t\t\t\t<\/div>\n\t\t<div class=\"elementor-element elementor-element-d84fae8 e-con-full e-flex parallax_section_no qode_elementor_container_no e-con e-parent\" data-id=\"d84fae8\" data-element_type=\"container\">\n\t\t<div class=\"elementor-element elementor-element-e9d21bb e-con-full e-flex parallax_section_no qode_elementor_container_no e-con e-child\" data-id=\"e9d21bb\" data-element_type=\"container\">\n\t\t\t\t<div class=\"elementor-element elementor-element-c1ff6ce elementor-widget elementor-widget-bridge_custom_font\" data-id=\"c1ff6ce\" data-element_type=\"widget\" data-widget_type=\"bridge_custom_font.default\">\n\t\t\t\t<div class=\"elementor-widget-container\">\n\t\t\t\t\t<div class=\"custom_font_holder \" style=\"font-family: Be Vietnam Pro; font-style: normal; font-weight: 200; color: #75797B; text-decoration: none; padding: 0; margin: 0; text-align: left; --qode-cf-font-size: 20px; --qode-cf-line-height: 20px; --qode-cf-font-size-1440: 20px; --qode-cf-line-height-1440: 20px; --qode-cf-font-size-1366: 20px; --qode-cf-line-height-1366: 20px; --qode-cf-font-size-1280: 20px; --qode-cf-line-height-1280: 20px; --qode-cf-font-size-1024: 20px; --qode-cf-line-height-1024: 20px; --qode-cf-font-size-768: 20px; --qode-cf-line-height-768: 20px; --qode-cf-font-size-680: 20px; --qode-cf-line-height-680: 20px; --qode-cf-font-size-480: 20px; --qode-cf-line-height-480: 20px;\">store locator<\/div>\t\t\t\t<\/div>\n\t\t\t\t<\/div>\n\t\t\t\t<div class=\"elementor-element elementor-element-b232c1d elementor-widget elementor-widget-heading\" data-id=\"b232c1d\" data-element_type=\"widget\" data-widget_type=\"heading.default\">\n\t\t\t\t<div class=\"elementor-widget-container\">\n\t\t\t\t\t<h3 class=\"elementor-heading-title elementor-size-default\">descubre d\u00f3nde puedes encontrar joyas de Savoia Italy cerca de ti<\/h3>\t\t\t\t<\/div>\n\t\t\t\t<\/div>\n\t\t\t\t<div class=\"elementor-element elementor-element-64db1a6 elementor-widget elementor-widget-spacer\" data-id=\"64db1a6\" data-element_type=\"widget\" data-widget_type=\"spacer.default\">\n\t\t\t\t<div class=\"elementor-widget-container\">\n\t\t\t\t\t\t\t<div class=\"elementor-spacer\">\n\t\t\t<div class=\"elementor-spacer-inner\"><\/div>\n\t\t<\/div>\n\t\t\t\t\t\t<\/div>\n\t\t\t\t<\/div>\n\t\t\t\t<div class=\"elementor-element elementor-element-9b0d682 elementor-widget elementor-widget-button\" data-id=\"9b0d682\" data-element_type=\"widget\" data-widget_type=\"button.default\">\n\t\t\t\t<div class=\"elementor-widget-container\">\n\t\t\t\t\t\t\t\t\t<div class=\"elementor-button-wrapper\">\n\t\t\t\t\t<a class=\"elementor-button elementor-button-link elementor-size-sm\" href=\"#\">\n\t\t\t\t\t\t<span class=\"elementor-button-content-wrapper\">\n\t\t\t\t\t\t\t\t\t<span class=\"elementor-button-text\">ir al store locator<\/span>\n\t\t\t\t\t<\/span>\n\t\t\t\t\t<\/a>\n\t\t\t\t<\/div>\n\t\t\t\t\t\t\t\t<\/div>\n\t\t\t\t<\/div>\n\t\t\t\t<\/div>\n\t\t<div class=\"elementor-element elementor-element-8753fad e-con-full e-flex parallax_section_no qode_elementor_container_no e-con e-child\" data-id=\"8753fad\" data-element_type=\"container\">\n\t\t\t\t<div class=\"elementor-element elementor-element-d778665 elementor-widget elementor-widget-image\" data-id=\"d778665\" data-element_type=\"widget\" data-widget_type=\"image.default\">\n\t\t\t\t<div class=\"elementor-widget-container\">\n\t\t\t\t\t\t\t\t\t\t\t\t\t\t\t<img loading=\"lazy\" decoding=\"async\" width=\"800\" height=\"800\" src=\"https:\/\/savoiaitaly.com\/dw25\/wp-content\/uploads\/2025\/01\/SAVOIA-SHOWROOM-3.webp\" class=\"attachment-full size-full wp-image-128\" alt=\"\" srcset=\"https:\/\/savoiaitaly.com\/dw25\/wp-content\/uploads\/2025\/01\/SAVOIA-SHOWROOM-3.webp 800w, https:\/\/savoiaitaly.com\/dw25\/wp-content\/uploads\/2025\/01\/SAVOIA-SHOWROOM-3-300x300.webp 300w, https:\/\/savoiaitaly.com\/dw25\/wp-content\/uploads\/2025\/01\/SAVOIA-SHOWROOM-3-150x150.webp 150w, https:\/\/savoiaitaly.com\/dw25\/wp-content\/uploads\/2025\/01\/SAVOIA-SHOWROOM-3-768x768.webp 768w, https:\/\/savoiaitaly.com\/dw25\/wp-content\/uploads\/2025\/01\/SAVOIA-SHOWROOM-3-570x570.webp 570w, https:\/\/savoiaitaly.com\/dw25\/wp-content\/uploads\/2025\/01\/SAVOIA-SHOWROOM-3-500x500.webp 500w, https:\/\/savoiaitaly.com\/dw25\/wp-content\/uploads\/2025\/01\/SAVOIA-SHOWROOM-3-700x700.webp 700w, https:\/\/savoiaitaly.com\/dw25\/wp-content\/uploads\/2025\/01\/SAVOIA-SHOWROOM-3-650x650.webp 650w\" sizes=\"(max-width: 800px) 100vw, 800px\" \/>\t\t\t\t\t\t\t\t\t\t\t\t\t\t\t<\/div>\n\t\t\t\t<\/div>\n\t\t\t\t<\/div>\n\t\t\t\t<\/div>\n\t\t\t\t<\/div>\n\t\t","protected":false},"excerpt":{"rendered":"<p>COLECCI\u00d3NES Creaciones que evocan la majestuosidad de la Arena de Verona, con curvas arquitect\u00f3nicas, resortes de titanio y cadenas de oro para un dise\u00f1o el\u00e1stico y sofisticado. DESCUBRE LA COLECCI\u00d3N ARENA Dise\u00f1os sinuosos que recuerdan las olas del mar, combinando est\u00e9tica fluida y tecnolog\u00eda avanzada con resortes de titanio y cadenas el\u00e1sticas de oro. DESCUBRE LA COLECCI\u00d3N ONDA Joyas elegantes y geom\u00e9tricas inspiradas en el movimiento de los a\u00f1os 20 y 30, con oro blanco, diamantes y detalles coloridos que celebran el glamour y la modernidad. DESCUBRE LA COLECCI\u00d3N ART DECO store locator descubre d\u00f3nde puedes encontrar joyas de Savoia&#8230;<\/p>\n","protected":false},"author":1,"featured_media":0,"parent":0,"menu_order":1,"comment_status":"closed","ping_status":"closed","template":"full_width.php","meta":{"footnotes":""},"class_list":["post-175","page","type-page","status-publish","hentry"],"_links":{"self":[{"href":"https:\/\/savoiaitaly.com\/es\/wp-json\/wp\/v2\/pages\/175","targetHints":{"allow":["GET"]}}],"collection":[{"href":"https:\/\/savoiaitaly.com\/es\/wp-json\/wp\/v2\/pages"}],"about":[{"href":"https:\/\/savoiaitaly.com\/es\/wp-json\/wp\/v2\/types\/page"}],"author":[{"embeddable":true,"href":"https:\/\/savoiaitaly.com\/es\/wp-json\/wp\/v2\/users\/1"}],"replies":[{"embeddable":true,"href":"https:\/\/savoiaitaly.com\/es\/wp-json\/wp\/v2\/comments?post=175"}],"version-history":[{"count":22,"href":"https:\/\/savoiaitaly.com\/es\/wp-json\/wp\/v2\/pages\/175\/revisions"}],"predecessor-version":[{"id":2627,"href":"https:\/\/savoiaitaly.com\/es\/wp-json\/wp\/v2\/pages\/175\/revisions\/2627"}],"wp:attachment":[{"href":"https:\/\/savoiaitaly.com\/es\/wp-json\/wp\/v2\/media?parent=175"}],"curies":[{"name":"wp","href":"https:\/\/api.w.org\/{rel}","templated":true}]}}